{"id":1480,"date":"2024-10-04T13:56:35","date_gmt":"2024-10-04T13:56:35","guid":{"rendered":"https:\/\/calidomaris.com\/?page_id=1480"},"modified":"2024-10-04T13:59:40","modified_gmt":"2024-10-04T13:59:40","slug":"energy-policy","status":"publish","type":"page","link":"https:\/\/calidomaris.com\/de\/energy-policy\/","title":{"rendered":"Energy Policy"},"content":{"rendered":"<div data-elementor-type=\"wp-page\" data-elementor-id=\"1480\" class=\"elementor elementor-1480\" data-elementor-post-type=\"page\">\n\t\t\t\t\t\t<section class=\"has_eae_slider elementor-section elementor-top-section elementor-element elementor-element-4bd110ce elementor-section-boxed elementor-section-height-default elementor-section-height-default\" data-id=\"4bd110ce\" data-element_type=\"section\" data-settings=\"{&quot;background_background&quot;:&quot;classic&quot;}\">\n\t\t\t\t\t\t\t<div class=\"elementor-background-overlay\"><\/div>\n\t\t\t\t\t\t\t<div class=\"elementor-container elementor-column-gap-default\">\n\t\t\t\t\t<div class=\"has_eae_slider elementor-column elementor-col-100 elementor-top-column elementor-element elementor-element-7caa0492\" data-id=\"7caa0492\" data-element_type=\"column\">\n\t\t\t<div class=\"elementor-widget-wrap elementor-element-populated\">\n\t\t\t\t\t\t<div class=\"elementor-element elementor-element-84f5955 elementor-widget elementor-widget-heading\" data-id=\"84f5955\" data-element_type=\"widget\" data-widget_type=\"heading.default\">\n\t\t\t\t<div class=\"elementor-widget-container\">\n\t\t\t<h2 class=\"elementor-heading-title elementor-size-default\">Politik der Nachhaltigkeit<\/h2>\t\t<\/div>\n\t\t\t\t<\/div>\n\t\t\t\t\t<\/div>\n\t\t<\/div>\n\t\t\t\t\t<\/div>\n\t\t<\/section>\n\t\t<div class=\"has_eae_slider elementor-element elementor-element-e6a66db e-flex e-con-boxed e-con e-parent\" data-id=\"e6a66db\" data-element_type=\"container\">\n\t\t\t\t\t<div class=\"e-con-inner\">\n\t\t<div class=\"has_eae_slider elementor-element elementor-element-5ee6eb7 e-flex e-con-boxed e-con e-child\" data-id=\"5ee6eb7\" data-element_type=\"container\">\n\t\t\t\t\t<div class=\"e-con-inner\">\n\t\t\t\t<div class=\"elementor-element elementor-element-a6be383 elementor-widget elementor-widget-text-editor\" data-id=\"a6be383\" data-element_type=\"widget\" data-widget_type=\"text-editor.default\">\n\t\t\t\t<div class=\"elementor-widget-container\">\n\t\t\t\t\t\t\t<p>Bei der Durchf\u00fchrung unserer Aktivit\u00e4ten im Bereich Tourismus\/Hotelmanagement;<\/p><ul><li>We evaluate feedback from guests, employees and other parties fairly and impartially with a guest-oriented perspective beyond legal regulations.<br \/><br \/><\/li><li>Wir werten R\u00fcckmeldungen von G\u00e4sten, Mitarbeitern und anderen Parteien fair und unparteiisch mit einer g\u00e4steorientierten Perspektive jenseits der gesetzlichen Vorschriften aus.<br \/><br \/><\/li><li>Durch ein systematisches Energieverbrauchsmanagement wollen wir eine effiziente Ressourcennutzung sicherstellen und die Energiekosten entsprechend senken.<br \/><br \/><\/li><li>Wir halten die gesetzlichen und sonstigen Anforderungen an Energieeffizienz, -nutzung und -verbrauch ein.<br \/><br \/><\/li><li>Wir arbeiten an der kontinuierlichen Verbesserung der Energieleistung und des Energiemanagementsystems.<br \/><br \/><\/li><li>Bereitstellung\/Entwurf\/Unterst\u00fctzung bei der Beschaffung\/Entwurf aller Wartungs- und Dienstleistungen, die sich auf die Energieleistung auswirken.<br \/><br \/><\/li><li>Wir informieren unsere Mitarbeiter, G\u00e4ste und Lieferanten \u00fcber Energieeffizienz und effektive Nutzung.<\/li><\/ul>\t\t\t\t\t\t<\/div>\n\t\t\t\t<\/div>\n\t\t\t\t<div class=\"elementor-element elementor-element-31d1a99 elementor-widget elementor-widget-heading\" data-id=\"31d1a99\" data-element_type=\"widget\" data-widget_type=\"heading.default\">\n\t\t\t\t<div class=\"elementor-widget-container\">\n\t\t\t<h2 class=\"elementor-heading-title elementor-size-default\">General Manager<\/h2>\t\t<\/div>\n\t\t\t\t<\/div>\n\t\t\t\t\t<\/div>\n\t\t\t\t<\/div>\n\t\t\t\t\t<\/div>\n\t\t\t\t<\/div>\n\t\t\t\t<\/div>","protected":false},"excerpt":{"rendered":"<p>Sustainability Policy While conducting our tourism \/ hotel management activities; We evaluate feedback from guests, employees and other parties fairly and impartially with a guest-oriented perspective beyond legal regulations. We provide the necessary resources and information support to achieve our goals and energy targets. By managing energy consumption with a systematic approach, we aim to [&hellip;]<\/p>","protected":false},"author":1,"featured_media":0,"parent":0,"menu_order":0,"comment_status":"closed","ping_status":"closed","template":"elementor_header_footer","meta":{"footnotes":""},"class_list":["post-1480","page","type-page","status-publish","hentry"],"yoast_head":"<!-- This site is optimized with the Yoast SEO plugin v23.9 - https:\/\/yoast.com\/wordpress\/plugins\/seo\/ -->\n<title>Energy Policy - Calido Maris Hotel<\/title>\n<meta name=\"robots\" content=\"index, follow, max-snippet:-1, max-image-preview:large, max-video-preview:-1\" \/>\n<link rel=\"canonical\" href=\"https:\/\/calidomaris.com\/de\/energy-policy\/\" \/>\n<meta property=\"og:locale\" content=\"de_DE\" \/>\n<meta property=\"og:type\" content=\"article\" \/>\n<meta property=\"og:title\" content=\"Energy Policy - Calido Maris Hotel\" \/>\n<meta property=\"og:description\" content=\"Sustainability Policy While conducting our tourism \/ hotel management activities; We evaluate feedback from guests, employees and other parties fairly and impartially with a guest-oriented perspective beyond legal regulations. We provide the necessary resources and information support to achieve our goals and energy targets. By managing energy consumption with a systematic approach, we aim to [&hellip;]\" \/>\n<meta property=\"og:url\" content=\"https:\/\/calidomaris.com\/de\/energy-policy\/\" \/>\n<meta property=\"og:site_name\" content=\"Calido Maris Hotel\" \/>\n<meta property=\"article:publisher\" content=\"https:\/\/www.facebook.com\/calidomarishotel\/\" \/>\n<meta property=\"article:modified_time\" content=\"2024-10-04T13:59:40+00:00\" \/>\n<meta name=\"twitter:card\" content=\"summary_large_image\" \/>\n<meta name=\"twitter:label1\" content=\"Gesch\u00e4tzte Lesezeit\" \/>\n\t<meta name=\"twitter:data1\" content=\"1\u00a0Minute\" \/>\n<script type=\"application\/ld+json\" class=\"yoast-schema-graph\">{\"@context\":\"https:\/\/schema.org\",\"@graph\":[{\"@type\":\"WebPage\",\"@id\":\"https:\/\/calidomaris.com\/energy-policy\/\",\"url\":\"https:\/\/calidomaris.com\/energy-policy\/\",\"name\":\"Energy Policy - Calido Maris Hotel\",\"isPartOf\":{\"@id\":\"https:\/\/calidomaris.com\/#website\"},\"datePublished\":\"2024-10-04T13:56:35+00:00\",\"dateModified\":\"2024-10-04T13:59:40+00:00\",\"breadcrumb\":{\"@id\":\"https:\/\/calidomaris.com\/energy-policy\/#breadcrumb\"},\"inLanguage\":\"de\",\"potentialAction\":[{\"@type\":\"ReadAction\",\"target\":[\"https:\/\/calidomaris.com\/energy-policy\/\"]}]},{\"@type\":\"BreadcrumbList\",\"@id\":\"https:\/\/calidomaris.com\/energy-policy\/#breadcrumb\",\"itemListElement\":[{\"@type\":\"ListItem\",\"position\":1,\"name\":\"Home\",\"item\":\"https:\/\/calidomaris.com\/\"},{\"@type\":\"ListItem\",\"position\":2,\"name\":\"Energy Policy\"}]},{\"@type\":\"WebSite\",\"@id\":\"https:\/\/calidomaris.com\/#website\",\"url\":\"https:\/\/calidomaris.com\/\",\"name\":\"Calido Maris Hotel\",\"description\":\"A True holiday paradise\",\"publisher\":{\"@id\":\"https:\/\/calidomaris.com\/#organization\"},\"potentialAction\":[{\"@type\":\"SearchAction\",\"target\":{\"@type\":\"EntryPoint\",\"urlTemplate\":\"https:\/\/calidomaris.com\/?s={search_term_string}\"},\"query-input\":{\"@type\":\"PropertyValueSpecification\",\"valueRequired\":true,\"valueName\":\"search_term_string\"}}],\"inLanguage\":\"de\"},{\"@type\":\"Organization\",\"@id\":\"https:\/\/calidomaris.com\/#organization\",\"name\":\"Calido Maris Hotel\",\"url\":\"https:\/\/calidomaris.com\/\",\"logo\":{\"@type\":\"ImageObject\",\"inLanguage\":\"de\",\"@id\":\"https:\/\/calidomaris.com\/#\/schema\/logo\/image\/\",\"url\":\"https:\/\/calidomaris.com\/wp-content\/uploads\/2023\/04\/logo.png\",\"contentUrl\":\"https:\/\/calidomaris.com\/wp-content\/uploads\/2023\/04\/logo.png\",\"width\":437,\"height\":145,\"caption\":\"Calido Maris Hotel\"},\"image\":{\"@id\":\"https:\/\/calidomaris.com\/#\/schema\/logo\/image\/\"},\"sameAs\":[\"https:\/\/www.facebook.com\/calidomarishotel\/\",\"https:\/\/www.instagram.com\/calidomaris.official\/\"]}]}<\/script>\n<!-- \/ Yoast SEO plugin. -->","yoast_head_json":{"title":"Energy Policy - Calido Maris Hotel","robots":{"index":"index","follow":"follow","max-snippet":"max-snippet:-1","max-image-preview":"max-image-preview:large","max-video-preview":"max-video-preview:-1"},"canonical":"https:\/\/calidomaris.com\/de\/energy-policy\/","og_locale":"de_DE","og_type":"article","og_title":"Energy Policy - Calido Maris Hotel","og_description":"Sustainability Policy While conducting our tourism \/ hotel management activities; We evaluate feedback from guests, employees and other parties fairly and impartially with a guest-oriented perspective beyond legal regulations. We provide the necessary resources and information support to achieve our goals and energy targets. By managing energy consumption with a systematic approach, we aim to [&hellip;]","og_url":"https:\/\/calidomaris.com\/de\/energy-policy\/","og_site_name":"Calido Maris Hotel","article_publisher":"https:\/\/www.facebook.com\/calidomarishotel\/","article_modified_time":"2024-10-04T13:59:40+00:00","twitter_card":"summary_large_image","twitter_misc":{"Gesch\u00e4tzte Lesezeit":"1\u00a0Minute"},"schema":{"@context":"https:\/\/schema.org","@graph":[{"@type":"WebPage","@id":"https:\/\/calidomaris.com\/energy-policy\/","url":"https:\/\/calidomaris.com\/energy-policy\/","name":"Energy Policy - Calido Maris Hotel","isPartOf":{"@id":"https:\/\/calidomaris.com\/#website"},"datePublished":"2024-10-04T13:56:35+00:00","dateModified":"2024-10-04T13:59:40+00:00","breadcrumb":{"@id":"https:\/\/calidomaris.com\/energy-policy\/#breadcrumb"},"inLanguage":"de","potentialAction":[{"@type":"ReadAction","target":["https:\/\/calidomaris.com\/energy-policy\/"]}]},{"@type":"BreadcrumbList","@id":"https:\/\/calidomaris.com\/energy-policy\/#breadcrumb","itemListElement":[{"@type":"ListItem","position":1,"name":"Home","item":"https:\/\/calidomaris.com\/"},{"@type":"ListItem","position":2,"name":"Energy Policy"}]},{"@type":"WebSite","@id":"https:\/\/calidomaris.com\/#website","url":"https:\/\/calidomaris.com\/","name":"Calido Maris Hotel","description":"A True holiday paradise","publisher":{"@id":"https:\/\/calidomaris.com\/#organization"},"potentialAction":[{"@type":"SearchAction","target":{"@type":"EntryPoint","urlTemplate":"https:\/\/calidomaris.com\/?s={search_term_string}"},"query-input":{"@type":"PropertyValueSpecification","valueRequired":true,"valueName":"search_term_string"}}],"inLanguage":"de"},{"@type":"Organization","@id":"https:\/\/calidomaris.com\/#organization","name":"Calido Maris Hotel","url":"https:\/\/calidomaris.com\/","logo":{"@type":"ImageObject","inLanguage":"de","@id":"https:\/\/calidomaris.com\/#\/schema\/logo\/image\/","url":"https:\/\/calidomaris.com\/wp-content\/uploads\/2023\/04\/logo.png","contentUrl":"https:\/\/calidomaris.com\/wp-content\/uploads\/2023\/04\/logo.png","width":437,"height":145,"caption":"Calido Maris Hotel"},"image":{"@id":"https:\/\/calidomaris.com\/#\/schema\/logo\/image\/"},"sameAs":["https:\/\/www.facebook.com\/calidomarishotel\/","https:\/\/www.instagram.com\/calidomaris.official\/"]}]}},"_links":{"self":[{"href":"https:\/\/calidomaris.com\/de\/wp-json\/wp\/v2\/pages\/1480","targetHints":{"allow":["GET"]}}],"collection":[{"href":"https:\/\/calidomaris.com\/de\/wp-json\/wp\/v2\/pages"}],"about":[{"href":"https:\/\/calidomaris.com\/de\/wp-json\/wp\/v2\/types\/page"}],"author":[{"embeddable":true,"href":"https:\/\/calidomaris.com\/de\/wp-json\/wp\/v2\/users\/1"}],"replies":[{"embeddable":true,"href":"https:\/\/calidomaris.com\/de\/wp-json\/wp\/v2\/comments?post=1480"}],"version-history":[{"count":5,"href":"https:\/\/calidomaris.com\/de\/wp-json\/wp\/v2\/pages\/1480\/revisions"}],"predecessor-version":[{"id":1485,"href":"https:\/\/calidomaris.com\/de\/wp-json\/wp\/v2\/pages\/1480\/revisions\/1485"}],"wp:attachment":[{"href":"https:\/\/calidomaris.com\/de\/wp-json\/wp\/v2\/media?parent=1480"}],"curies":[{"name":"wp","href":"https:\/\/api.w.org\/{rel}","templated":true}]}}