{"id":471,"date":"2023-04-15T13:58:24","date_gmt":"2023-04-15T13:58:24","guid":{"rendered":"https:\/\/calidomaris.com\/?page_id=471"},"modified":"2023-06-24T08:30:15","modified_gmt":"2023-06-24T08:30:15","slug":"kvkk","status":"publish","type":"page","link":"https:\/\/calidomaris.com\/ru\/kvkk\/","title":{"rendered":"KVKK"},"content":{"rendered":"<div data-elementor-type=\"wp-page\" data-elementor-id=\"471\" class=\"elementor elementor-471\" data-elementor-post-type=\"page\">\n\t\t\t\t\t\t<section class=\"has_eae_slider elementor-section elementor-top-section elementor-element elementor-element-4bd110ce elementor-section-boxed elementor-section-height-default elementor-section-height-default\" data-id=\"4bd110ce\" data-element_type=\"section\" data-settings=\"{&quot;background_background&quot;:&quot;classic&quot;}\">\n\t\t\t\t\t\t\t<div class=\"elementor-background-overlay\"><\/div>\n\t\t\t\t\t\t\t<div class=\"elementor-container elementor-column-gap-default\">\n\t\t\t\t\t<div class=\"has_eae_slider elementor-column elementor-col-100 elementor-top-column elementor-element elementor-element-7caa0492\" data-id=\"7caa0492\" data-element_type=\"column\">\n\t\t\t<div class=\"elementor-widget-wrap elementor-element-populated\">\n\t\t\t\t\t\t<div class=\"elementor-element elementor-element-84f5955 elementor-widget elementor-widget-heading\" data-id=\"84f5955\" data-element_type=\"widget\" data-widget_type=\"heading.default\">\n\t\t\t\t<div class=\"elementor-widget-container\">\n\t\t\t<h2 class=\"elementor-heading-title elementor-size-default\">KVKK ve Di\u011fer Bilgilendirmeler<\/h2>\t\t<\/div>\n\t\t\t\t<\/div>\n\t\t\t\t\t<\/div>\n\t\t<\/div>\n\t\t\t\t\t<\/div>\n\t\t<\/section>\n\t\t<div class=\"has_eae_slider elementor-element elementor-element-7855b90 e-flex e-con-boxed e-con e-parent\" data-id=\"7855b90\" data-element_type=\"container\">\n\t\t\t\t\t<div class=\"e-con-inner\">\n\t\t<div class=\"has_eae_slider elementor-element elementor-element-a78bfd7 e-flex e-con-boxed e-con e-parent\" data-id=\"a78bfd7\" data-element_type=\"container\" data-settings=\"{&quot;background_background&quot;:&quot;classic&quot;}\">\n\t\t\t\t\t<div class=\"e-con-inner\">\n\t\t\t\t<div class=\"elementor-element elementor-element-3e042c4 jkit-equal-height-disable elementor-widget elementor-widget-jkit_icon_box\" data-id=\"3e042c4\" data-element_type=\"widget\" data-widget_type=\"jkit_icon_box.default\">\n\t\t\t\t<div class=\"elementor-widget-container\">\n\t\t\t<div  class=\"jeg-elementor-kit jkit-icon-box icon-position- elementor-animation- jeg_module___69d84df1d080f\" ><div class=\"jkit-icon-box-wrapper hover-from-left\"><div class=\"icon-box icon-box-header elementor-animation-\"><div class=\"icon style-color\"><i aria-hidden=\"true\" class=\"jki jki-document-light\"><\/i><\/div><\/div><div class=\"icon-box icon-box-body\">\n                <h2 class=\"title\">\u00c7al\u0131\u015fan Aday Ayd\u0131nlatma Beyan\u0131<\/h2><div class=\"icon-box-button\">\n                <div class=\"btn-wrapper icon-position-before\">\n                    <a href=\"https:\/\/calidomaris.com\/wp-content\/uploads\/2023\/04\/calisan-aday-aydinlatma-beyani.pdf\" class=\"icon-box-link\" aria-label=\"View\">View<\/a>\n                <\/div>\n            <\/div>\n            <\/div>\n            \n            <\/div><\/div>\t\t<\/div>\n\t\t\t\t<\/div>\n\t\t\t\t\t<\/div>\n\t\t\t\t<\/div>\n\t\t<div class=\"has_eae_slider elementor-element elementor-element-ab09383 e-flex e-con-boxed e-con e-parent\" data-id=\"ab09383\" data-element_type=\"container\" data-settings=\"{&quot;background_background&quot;:&quot;classic&quot;}\">\n\t\t\t\t\t<div class=\"e-con-inner\">\n\t\t\t\t<div class=\"elementor-element elementor-element-112f8eb jkit-equal-height-disable elementor-widget elementor-widget-jkit_icon_box\" data-id=\"112f8eb\" data-element_type=\"widget\" data-widget_type=\"jkit_icon_box.default\">\n\t\t\t\t<div class=\"elementor-widget-container\">\n\t\t\t<div  class=\"jeg-elementor-kit jkit-icon-box icon-position- elementor-animation- jeg_module__1_69d84df1d1570\" ><div class=\"jkit-icon-box-wrapper hover-from-left\"><div class=\"icon-box icon-box-header elementor-animation-\"><div class=\"icon style-color\"><i aria-hidden=\"true\" class=\"jki jki-document-light\"><\/i><\/div><\/div><div class=\"icon-box icon-box-body\">\n                <h2 class=\"title\">\u00c7al\u0131\u015fan \u0130\u00e7in Ayd\u0131nlatma Beyan\u0131<\/h2><div class=\"icon-box-button\">\n                <div class=\"btn-wrapper icon-position-before\">\n                    <a href=\"https:\/\/calidomaris.com\/wp-content\/uploads\/2023\/04\/calisan-icin-aydinlatma-beyani.pdf\" class=\"icon-box-link\" aria-label=\"View\">View<\/a>\n                <\/div>\n            <\/div>\n            <\/div>\n            \n            <\/div><\/div>\t\t<\/div>\n\t\t\t\t<\/div>\n\t\t\t\t\t<\/div>\n\t\t\t\t<\/div>\n\t\t<div class=\"has_eae_slider elementor-element elementor-element-39d1f0d e-flex e-con-boxed e-con e-parent\" data-id=\"39d1f0d\" data-element_type=\"container\" data-settings=\"{&quot;background_background&quot;:&quot;classic&quot;}\">\n\t\t\t\t\t<div class=\"e-con-inner\">\n\t\t\t\t<div class=\"elementor-element elementor-element-577a0c9 jkit-equal-height-disable elementor-widget elementor-widget-jkit_icon_box\" data-id=\"577a0c9\" data-element_type=\"widget\" data-widget_type=\"jkit_icon_box.default\">\n\t\t\t\t<div class=\"elementor-widget-container\">\n\t\t\t<div  class=\"jeg-elementor-kit jkit-icon-box icon-position- elementor-animation- jeg_module__2_69d84df1d1f9a\" ><div class=\"jkit-icon-box-wrapper hover-from-left\"><div class=\"icon-box icon-box-header elementor-animation-\"><div class=\"icon style-color\"><i aria-hidden=\"true\" class=\"jki jki-document-light\"><\/i><\/div><\/div><div class=\"icon-box icon-box-body\">\n                <h2 class=\"title\">Ki\u015fisel Verileri Saklama ve \u0130mha Politakas\u0131<\/h2><div class=\"icon-box-button\">\n                <div class=\"btn-wrapper icon-position-before\">\n                    <a href=\"https:\/\/calidomaris.com\/wp-content\/uploads\/2023\/04\/kisisel-verileri-saklama-ve-imha-politikasi.pdf\" class=\"icon-box-link\" aria-label=\"View\">View<\/a>\n                <\/div>\n            <\/div>\n            <\/div>\n            \n            <\/div><\/div>\t\t<\/div>\n\t\t\t\t<\/div>\n\t\t\t\t\t<\/div>\n\t\t\t\t<\/div>\n\t\t\t\t\t<\/div>\n\t\t\t\t<\/div>\n\t\t<div class=\"has_eae_slider elementor-element elementor-element-9cb87e2 e-flex e-con-boxed e-con e-parent\" data-id=\"9cb87e2\" data-element_type=\"container\">\n\t\t\t\t\t<div class=\"e-con-inner\">\n\t\t<div class=\"has_eae_slider elementor-element elementor-element-b41b942 e-flex e-con-boxed e-con e-parent\" data-id=\"b41b942\" data-element_type=\"container\" data-settings=\"{&quot;background_background&quot;:&quot;classic&quot;}\">\n\t\t\t\t\t<div class=\"e-con-inner\">\n\t\t<div class=\"has_eae_slider elementor-element elementor-element-6dcd70a e-flex e-con-boxed e-con e-parent\" data-id=\"6dcd70a\" data-element_type=\"container\" data-settings=\"{&quot;background_background&quot;:&quot;classic&quot;}\">\n\t\t\t\t\t<div class=\"e-con-inner\">\n\t\t\t\t<div class=\"elementor-element elementor-element-353e93a jkit-equal-height-disable elementor-widget elementor-widget-jkit_icon_box\" data-id=\"353e93a\" data-element_type=\"widget\" data-widget_type=\"jkit_icon_box.default\">\n\t\t\t\t<div class=\"elementor-widget-container\">\n\t\t\t<div  class=\"jeg-elementor-kit jkit-icon-box icon-position- elementor-animation- jeg_module__3_69d84df1d313e\" ><div class=\"jkit-icon-box-wrapper hover-from-left\"><div class=\"icon-box icon-box-header elementor-animation-\"><div class=\"icon style-color\"><i aria-hidden=\"true\" class=\"jki jki-document-light\"><\/i><\/div><\/div><div class=\"icon-box icon-box-body\">\n                <h2 class=\"title\">KVKK Ba\u015fvuru Formu<\/h2><div class=\"icon-box-button\">\n                <div class=\"btn-wrapper icon-position-before\">\n                    <a href=\"https:\/\/calidomaris.com\/wp-content\/uploads\/2023\/04\/kvk-basvuru-formu.pdf\" class=\"icon-box-link\" aria-label=\"View\">View<\/a>\n                <\/div>\n            <\/div>\n            <\/div>\n            \n            <\/div><\/div>\t\t<\/div>\n\t\t\t\t<\/div>\n\t\t\t\t\t<\/div>\n\t\t\t\t<\/div>\n\t\t\t\t\t<\/div>\n\t\t\t\t<\/div>\n\t\t<div class=\"has_eae_slider elementor-element elementor-element-aa802be e-flex e-con-boxed e-con e-parent\" data-id=\"aa802be\" data-element_type=\"container\" data-settings=\"{&quot;background_background&quot;:&quot;classic&quot;}\">\n\t\t\t\t\t<div class=\"e-con-inner\">\n\t\t<div class=\"has_eae_slider elementor-element elementor-element-e14beb7 e-flex e-con-boxed e-con e-parent\" data-id=\"e14beb7\" data-element_type=\"container\" data-settings=\"{&quot;background_background&quot;:&quot;classic&quot;}\">\n\t\t\t\t\t<div class=\"e-con-inner\">\n\t\t\t\t<div class=\"elementor-element elementor-element-c2d1e5a jkit-equal-height-disable elementor-widget elementor-widget-jkit_icon_box\" data-id=\"c2d1e5a\" data-element_type=\"widget\" data-widget_type=\"jkit_icon_box.default\">\n\t\t\t\t<div class=\"elementor-widget-container\">\n\t\t\t<div  class=\"jeg-elementor-kit jkit-icon-box icon-position- elementor-animation- jeg_module__4_69d84df1d3f1a\" ><div class=\"jkit-icon-box-wrapper hover-from-left\"><div class=\"icon-box icon-box-header elementor-animation-\"><div class=\"icon style-color\"><i aria-hidden=\"true\" class=\"jki jki-document-light\"><\/i><\/div><\/div><div class=\"icon-box icon-box-body\">\n                <h2 class=\"title\">Misafir Ayd\u0131nlatma Metni<\/h2><div class=\"icon-box-button\">\n                <div class=\"btn-wrapper icon-position-before\">\n                    <a href=\"https:\/\/calidomaris.com\/wp-content\/uploads\/2023\/04\/misafir-aydinlatma-metni.pdf\" class=\"icon-box-link\" aria-label=\"View\">View<\/a>\n                <\/div>\n            <\/div>\n            <\/div>\n            \n            <\/div><\/div>\t\t<\/div>\n\t\t\t\t<\/div>\n\t\t\t\t\t<\/div>\n\t\t\t\t<\/div>\n\t\t\t\t\t<\/div>\n\t\t\t\t<\/div>\n\t\t\t\t\t<\/div>\n\t\t\t\t<\/div>\n\t\t\t\t<\/div>","protected":false},"excerpt":{"rendered":"<p>KVKK ve Di\u011fer Bilgilendirmeler \u00c7al\u0131\u015fan Aday Ayd\u0131nlatma Beyan\u0131 View \u00c7al\u0131\u015fan \u0130\u00e7in Ayd\u0131nlatma Beyan\u0131 View Ki\u015fisel Verileri Saklama ve \u0130mha Politakas\u0131 View KVKK Ba\u015fvuru Formu View Misafir Ayd\u0131nlatma Metni View<\/p>","protected":false},"author":1,"featured_media":0,"parent":0,"menu_order":0,"comment_status":"closed","ping_status":"closed","template":"elementor_header_footer","meta":{"footnotes":""},"class_list":["post-471","page","type-page","status-publish","hentry"],"yoast_head":"<!-- This site is optimized with the Yoast SEO plugin v23.9 - https:\/\/yoast.com\/wordpress\/plugins\/seo\/ -->\n<title>KVKK - Calido Maris Hotel<\/title>\n<meta name=\"robots\" content=\"index, follow, max-snippet:-1, max-image-preview:large, max-video-preview:-1\" \/>\n<link rel=\"canonical\" href=\"https:\/\/calidomaris.com\/ru\/kvkk\/\" \/>\n<meta property=\"og:locale\" content=\"ru_RU\" \/>\n<meta property=\"og:type\" content=\"article\" \/>\n<meta property=\"og:title\" content=\"KVKK - Calido Maris Hotel\" \/>\n<meta property=\"og:description\" content=\"KVKK ve Di\u011fer Bilgilendirmeler \u00c7al\u0131\u015fan Aday Ayd\u0131nlatma Beyan\u0131 View \u00c7al\u0131\u015fan \u0130\u00e7in Ayd\u0131nlatma Beyan\u0131 View Ki\u015fisel Verileri Saklama ve \u0130mha Politakas\u0131 View KVKK Ba\u015fvuru Formu View Misafir Ayd\u0131nlatma Metni View\" \/>\n<meta property=\"og:url\" content=\"https:\/\/calidomaris.com\/ru\/kvkk\/\" \/>\n<meta property=\"og:site_name\" content=\"Calido Maris Hotel\" \/>\n<meta property=\"article:publisher\" content=\"https:\/\/www.facebook.com\/calidomarishotel\/\" \/>\n<meta property=\"article:modified_time\" content=\"2023-06-24T08:30:15+00:00\" \/>\n<meta name=\"twitter:card\" content=\"summary_large_image\" \/>\n<script type=\"application\/ld+json\" class=\"yoast-schema-graph\">{\"@context\":\"https:\/\/schema.org\",\"@graph\":[{\"@type\":\"WebPage\",\"@id\":\"https:\/\/calidomaris.com\/kvkk\/\",\"url\":\"https:\/\/calidomaris.com\/kvkk\/\",\"name\":\"KVKK - Calido Maris Hotel\",\"isPartOf\":{\"@id\":\"https:\/\/calidomaris.com\/#website\"},\"datePublished\":\"2023-04-15T13:58:24+00:00\",\"dateModified\":\"2023-06-24T08:30:15+00:00\",\"breadcrumb\":{\"@id\":\"https:\/\/calidomaris.com\/kvkk\/#breadcrumb\"},\"inLanguage\":\"ru-RU\",\"potentialAction\":[{\"@type\":\"ReadAction\",\"target\":[\"https:\/\/calidomaris.com\/kvkk\/\"]}]},{\"@type\":\"BreadcrumbList\",\"@id\":\"https:\/\/calidomaris.com\/kvkk\/#breadcrumb\",\"itemListElement\":[{\"@type\":\"ListItem\",\"position\":1,\"name\":\"Home\",\"item\":\"https:\/\/calidomaris.com\/\"},{\"@type\":\"ListItem\",\"position\":2,\"name\":\"KVKK\"}]},{\"@type\":\"WebSite\",\"@id\":\"https:\/\/calidomaris.com\/#website\",\"url\":\"https:\/\/calidomaris.com\/\",\"name\":\"Calido Maris Hotel\",\"description\":\"A True holiday paradise\",\"publisher\":{\"@id\":\"https:\/\/calidomaris.com\/#organization\"},\"potentialAction\":[{\"@type\":\"SearchAction\",\"target\":{\"@type\":\"EntryPoint\",\"urlTemplate\":\"https:\/\/calidomaris.com\/?s={search_term_string}\"},\"query-input\":{\"@type\":\"PropertyValueSpecification\",\"valueRequired\":true,\"valueName\":\"search_term_string\"}}],\"inLanguage\":\"ru-RU\"},{\"@type\":\"Organization\",\"@id\":\"https:\/\/calidomaris.com\/#organization\",\"name\":\"Calido Maris Hotel\",\"url\":\"https:\/\/calidomaris.com\/\",\"logo\":{\"@type\":\"ImageObject\",\"inLanguage\":\"ru-RU\",\"@id\":\"https:\/\/calidomaris.com\/#\/schema\/logo\/image\/\",\"url\":\"https:\/\/calidomaris.com\/wp-content\/uploads\/2023\/04\/logo.png\",\"contentUrl\":\"https:\/\/calidomaris.com\/wp-content\/uploads\/2023\/04\/logo.png\",\"width\":437,\"height\":145,\"caption\":\"Calido Maris Hotel\"},\"image\":{\"@id\":\"https:\/\/calidomaris.com\/#\/schema\/logo\/image\/\"},\"sameAs\":[\"https:\/\/www.facebook.com\/calidomarishotel\/\",\"https:\/\/www.instagram.com\/calidomaris.official\/\"]}]}<\/script>\n<!-- \/ Yoast SEO plugin. -->","yoast_head_json":{"title":"KVKK - Calido Maris Hotel","robots":{"index":"index","follow":"follow","max-snippet":"max-snippet:-1","max-image-preview":"max-image-preview:large","max-video-preview":"max-video-preview:-1"},"canonical":"https:\/\/calidomaris.com\/ru\/kvkk\/","og_locale":"ru_RU","og_type":"article","og_title":"KVKK - Calido Maris Hotel","og_description":"KVKK ve Di\u011fer Bilgilendirmeler \u00c7al\u0131\u015fan Aday Ayd\u0131nlatma Beyan\u0131 View \u00c7al\u0131\u015fan \u0130\u00e7in Ayd\u0131nlatma Beyan\u0131 View Ki\u015fisel Verileri Saklama ve \u0130mha Politakas\u0131 View KVKK Ba\u015fvuru Formu View Misafir Ayd\u0131nlatma Metni View","og_url":"https:\/\/calidomaris.com\/ru\/kvkk\/","og_site_name":"Calido Maris Hotel","article_publisher":"https:\/\/www.facebook.com\/calidomarishotel\/","article_modified_time":"2023-06-24T08:30:15+00:00","twitter_card":"summary_large_image","schema":{"@context":"https:\/\/schema.org","@graph":[{"@type":"WebPage","@id":"https:\/\/calidomaris.com\/kvkk\/","url":"https:\/\/calidomaris.com\/kvkk\/","name":"KVKK - Calido Maris Hotel","isPartOf":{"@id":"https:\/\/calidomaris.com\/#website"},"datePublished":"2023-04-15T13:58:24+00:00","dateModified":"2023-06-24T08:30:15+00:00","breadcrumb":{"@id":"https:\/\/calidomaris.com\/kvkk\/#breadcrumb"},"inLanguage":"ru-RU","potentialAction":[{"@type":"ReadAction","target":["https:\/\/calidomaris.com\/kvkk\/"]}]},{"@type":"BreadcrumbList","@id":"https:\/\/calidomaris.com\/kvkk\/#breadcrumb","itemListElement":[{"@type":"ListItem","position":1,"name":"Home","item":"https:\/\/calidomaris.com\/"},{"@type":"ListItem","position":2,"name":"KVKK"}]},{"@type":"WebSite","@id":"https:\/\/calidomaris.com\/#website","url":"https:\/\/calidomaris.com\/","name":"Calido Maris Hotel","description":"A True holiday paradise","publisher":{"@id":"https:\/\/calidomaris.com\/#organization"},"potentialAction":[{"@type":"SearchAction","target":{"@type":"EntryPoint","urlTemplate":"https:\/\/calidomaris.com\/?s={search_term_string}"},"query-input":{"@type":"PropertyValueSpecification","valueRequired":true,"valueName":"search_term_string"}}],"inLanguage":"ru-RU"},{"@type":"Organization","@id":"https:\/\/calidomaris.com\/#organization","name":"Calido Maris Hotel","url":"https:\/\/calidomaris.com\/","logo":{"@type":"ImageObject","inLanguage":"ru-RU","@id":"https:\/\/calidomaris.com\/#\/schema\/logo\/image\/","url":"https:\/\/calidomaris.com\/wp-content\/uploads\/2023\/04\/logo.png","contentUrl":"https:\/\/calidomaris.com\/wp-content\/uploads\/2023\/04\/logo.png","width":437,"height":145,"caption":"Calido Maris Hotel"},"image":{"@id":"https:\/\/calidomaris.com\/#\/schema\/logo\/image\/"},"sameAs":["https:\/\/www.facebook.com\/calidomarishotel\/","https:\/\/www.instagram.com\/calidomaris.official\/"]}]}},"_links":{"self":[{"href":"https:\/\/calidomaris.com\/ru\/wp-json\/wp\/v2\/pages\/471","targetHints":{"allow":["GET"]}}],"collection":[{"href":"https:\/\/calidomaris.com\/ru\/wp-json\/wp\/v2\/pages"}],"about":[{"href":"https:\/\/calidomaris.com\/ru\/wp-json\/wp\/v2\/types\/page"}],"author":[{"embeddable":true,"href":"https:\/\/calidomaris.com\/ru\/wp-json\/wp\/v2\/users\/1"}],"replies":[{"embeddable":true,"href":"https:\/\/calidomaris.com\/ru\/wp-json\/wp\/v2\/comments?post=471"}],"version-history":[{"count":20,"href":"https:\/\/calidomaris.com\/ru\/wp-json\/wp\/v2\/pages\/471\/revisions"}],"predecessor-version":[{"id":1147,"href":"https:\/\/calidomaris.com\/ru\/wp-json\/wp\/v2\/pages\/471\/revisions\/1147"}],"wp:attachment":[{"href":"https:\/\/calidomaris.com\/ru\/wp-json\/wp\/v2\/media?parent=471"}],"curies":[{"name":"wp","href":"https:\/\/api.w.org\/{rel}","templated":true}]}}