{"id":1038,"date":"2023-06-20T10:22:57","date_gmt":"2023-06-20T10:22:57","guid":{"rendered":"https:\/\/calidomaris.com\/?page_id=1038"},"modified":"2023-06-20T16:16:27","modified_gmt":"2023-06-20T16:16:27","slug":"accessibility","status":"publish","type":"page","link":"https:\/\/calidomaris.com\/tr\/accessibility\/","title":{"rendered":"Eri\u015filebilirlik"},"content":{"rendered":"<div data-elementor-type=\"wp-page\" data-elementor-id=\"1038\" class=\"elementor elementor-1038\" data-elementor-post-type=\"page\">\n\t\t\t\t\t\t<section class=\"has_eae_slider elementor-section elementor-top-section elementor-element elementor-element-4bd110ce elementor-section-boxed elementor-section-height-default elementor-section-height-default\" data-id=\"4bd110ce\" data-element_type=\"section\" data-settings=\"{&quot;background_background&quot;:&quot;classic&quot;}\">\n\t\t\t\t\t\t\t<div class=\"elementor-background-overlay\"><\/div>\n\t\t\t\t\t\t\t<div class=\"elementor-container elementor-column-gap-default\">\n\t\t\t\t\t<div class=\"has_eae_slider elementor-column elementor-col-100 elementor-top-column elementor-element elementor-element-7caa0492\" data-id=\"7caa0492\" data-element_type=\"column\">\n\t\t\t<div class=\"elementor-widget-wrap elementor-element-populated\">\n\t\t\t\t\t\t<div class=\"elementor-element elementor-element-84f5955 elementor-widget elementor-widget-heading\" data-id=\"84f5955\" data-element_type=\"widget\" data-widget_type=\"heading.default\">\n\t\t\t\t<div class=\"elementor-widget-container\">\n\t\t\t<h2 class=\"elementor-heading-title elementor-size-default\">Eri\u015filebilirlik<\/h2>\t\t<\/div>\n\t\t\t\t<\/div>\n\t\t\t\t\t<\/div>\n\t\t<\/div>\n\t\t\t\t\t<\/div>\n\t\t<\/section>\n\t\t<div class=\"has_eae_slider elementor-element elementor-element-ea60dfd e-flex e-con-boxed e-con e-parent\" data-id=\"ea60dfd\" data-element_type=\"container\">\n\t\t\t\t\t<div class=\"e-con-inner\">\n\t\t<div class=\"has_eae_slider elementor-element elementor-element-77e4ddf e-flex e-con-boxed e-con e-parent\" data-id=\"77e4ddf\" data-element_type=\"container\">\n\t\t\t\t\t<div class=\"e-con-inner\">\n\t\t\t\t<div class=\"elementor-element elementor-element-4ee0856 elementor-widget elementor-widget-text-editor\" data-id=\"4ee0856\" data-element_type=\"widget\" data-widget_type=\"text-editor.default\">\n\t\t\t\t<div class=\"elementor-widget-container\">\n\t\t\t\t\t\t\t<p>Tesisimiz engelli misafirlerin konforlu bir tatil deneyimi ya\u015fayabilece\u011fi \u015fekilde tasarlanm\u0131\u015ft\u0131r. Engelli misafirlerimiz i\u00e7in \u00f6zel otopark alan\u0131 mevcuttur. Engelli misafirlerimizin rahat\u00e7a hareket edebilmesi i\u00e7in tesisimizde geni\u015f koridorlar ve asans\u00f6rler bulunmaktad\u0131r. Ayr\u0131ca, engelli misafirlerimizin istekleri do\u011frultusunda \u00f6zel odalar\u0131m\u0131z da mevcuttur. Bu odalar\u0131m\u0131z, tekerlekli sandalyeyle kullan\u0131m i\u00e7in uygun geni\u015flikte kap\u0131lar, \u00f6zel banyolar, engelli misafirlerin rahat\u00e7a hareket edebilecekleri alanlar gibi \u00f6zelliklerle donat\u0131lm\u0131\u015ft\u0131r. Otelimizdeki t\u00fcm restoranlar\u0131m\u0131z ve barlar\u0131m\u0131z da engelli misafirlerimizin rahat\u00e7a eri\u015febilmesi i\u00e7in \u00f6zel olarak tasarlanm\u0131\u015ft\u0131r.<\/p><p>Engelli misafirlerimizin rahat ve konforlu bir tatil deneyimi ya\u015famalar\u0131 i\u00e7in t\u00fcm olanaklar\u0131 sunmaktad\u0131r. Siz de engelli misafirlerimizin memnuniyeti ve konforu i\u00e7in tasarlanm\u0131\u015f tesisimizi tercih ederek unutulmaz bir tatil deneyimi ya\u015fayabilirsiniz<\/p>\t\t\t\t\t\t<\/div>\n\t\t\t\t<\/div>\n\t\t\t\t\t<\/div>\n\t\t\t\t<\/div>\n\t\t\t\t\t<\/div>\n\t\t\t\t<\/div>\n\t\t<div class=\"has_eae_slider elementor-element elementor-element-2798583 e-flex e-con-boxed e-con e-parent\" data-id=\"2798583\" data-element_type=\"container\">\n\t\t\t\t\t<div class=\"e-con-inner\">\n\t\t\t\t<div class=\"elementor-element elementor-element-b17aaf4 gallery-spacing-custom elementor-widget elementor-widget-image-gallery\" data-id=\"b17aaf4\" data-element_type=\"widget\" data-widget_type=\"image-gallery.default\">\n\t\t\t\t<div class=\"elementor-widget-container\">\n\t\t\t\t\t<div class=\"elementor-image-gallery\">\n\t\t\t<div id='gallery-1' class='gallery galleryid-1038 gallery-columns-4 gallery-size-full'><figure class='gallery-item'>\n\t\t\t<div class='gallery-icon portrait'>\n\t\t\t\t<a data-elementor-open-lightbox=\"no\" href='https:\/\/calidomaris.com\/wp-content\/uploads\/2023\/06\/eb-4.webp'><img fetchpriority=\"high\" decoding=\"async\" width=\"388\" height=\"517\" src=\"https:\/\/calidomaris.com\/wp-content\/uploads\/2023\/06\/eb-4.webp\" class=\"attachment-full size-full\" alt=\"\" srcset=\"https:\/\/calidomaris.com\/wp-content\/uploads\/2023\/06\/eb-4.webp 388w, https:\/\/calidomaris.com\/wp-content\/uploads\/2023\/06\/eb-4-225x300.webp 225w, https:\/\/calidomaris.com\/wp-content\/uploads\/2023\/06\/eb-4-9x12.webp 9w\" sizes=\"(max-width: 388px) 100vw, 388px\" \/><\/a>\n\t\t\t<\/div><\/figure><figure class='gallery-item'>\n\t\t\t<div class='gallery-icon portrait'>\n\t\t\t\t<a data-elementor-open-lightbox=\"no\" href='https:\/\/calidomaris.com\/wp-content\/uploads\/2023\/06\/eb-1.webp'><img decoding=\"async\" width=\"388\" height=\"517\" src=\"https:\/\/calidomaris.com\/wp-content\/uploads\/2023\/06\/eb-1.webp\" class=\"attachment-full size-full\" alt=\"\" srcset=\"https:\/\/calidomaris.com\/wp-content\/uploads\/2023\/06\/eb-1.webp 388w, https:\/\/calidomaris.com\/wp-content\/uploads\/2023\/06\/eb-1-225x300.webp 225w, https:\/\/calidomaris.com\/wp-content\/uploads\/2023\/06\/eb-1-9x12.webp 9w\" sizes=\"(max-width: 388px) 100vw, 388px\" \/><\/a>\n\t\t\t<\/div><\/figure><figure class='gallery-item'>\n\t\t\t<div class='gallery-icon portrait'>\n\t\t\t\t<a data-elementor-open-lightbox=\"no\" href='https:\/\/calidomaris.com\/wp-content\/uploads\/2023\/06\/eb-2.webp'><img decoding=\"async\" width=\"382\" height=\"514\" src=\"https:\/\/calidomaris.com\/wp-content\/uploads\/2023\/06\/eb-2.webp\" class=\"attachment-full size-full\" alt=\"\" srcset=\"https:\/\/calidomaris.com\/wp-content\/uploads\/2023\/06\/eb-2.webp 382w, https:\/\/calidomaris.com\/wp-content\/uploads\/2023\/06\/eb-2-223x300.webp 223w, https:\/\/calidomaris.com\/wp-content\/uploads\/2023\/06\/eb-2-9x12.webp 9w\" sizes=\"(max-width: 382px) 100vw, 382px\" \/><\/a>\n\t\t\t<\/div><\/figure><figure class='gallery-item'>\n\t\t\t<div class='gallery-icon portrait'>\n\t\t\t\t<a data-elementor-open-lightbox=\"no\" href='https:\/\/calidomaris.com\/wp-content\/uploads\/2023\/06\/eb-3.webp'><img loading=\"lazy\" decoding=\"async\" width=\"385\" height=\"514\" src=\"https:\/\/calidomaris.com\/wp-content\/uploads\/2023\/06\/eb-3.webp\" class=\"attachment-full size-full\" alt=\"\" srcset=\"https:\/\/calidomaris.com\/wp-content\/uploads\/2023\/06\/eb-3.webp 385w, https:\/\/calidomaris.com\/wp-content\/uploads\/2023\/06\/eb-3-225x300.webp 225w, https:\/\/calidomaris.com\/wp-content\/uploads\/2023\/06\/eb-3-9x12.webp 9w\" sizes=\"(max-width: 385px) 100vw, 385px\" \/><\/a>\n\t\t\t<\/div><\/figure>\n\t\t<\/div>\n\t\t<\/div>\n\t\t\t\t<\/div>\n\t\t\t\t<\/div>\n\t\t\t\t\t<\/div>\n\t\t\t\t<\/div>\n\t\t\t\t<\/div>","protected":false},"excerpt":{"rendered":"<p>ACCESSIBILITY Our facility has been designed so that disabled guests can experience a comfortable holiday. Special parking spaces are available for our disabled guests. In order for our disabled guests to move freely, there are wide corridors and elevators in our facility. In addition, we also have special rooms according to the wishes of our [&hellip;]<\/p>","protected":false},"author":1,"featured_media":0,"parent":0,"menu_order":0,"comment_status":"closed","ping_status":"closed","template":"elementor_header_footer","meta":{"footnotes":""},"class_list":["post-1038","page","type-page","status-publish","hentry"],"yoast_head":"<!-- This site is optimized with the Yoast SEO plugin v23.9 - https:\/\/yoast.com\/wordpress\/plugins\/seo\/ -->\n<title>Accessibility - Calido Maris Hotel<\/title>\n<meta name=\"robots\" content=\"index, follow, max-snippet:-1, max-image-preview:large, max-video-preview:-1\" \/>\n<link rel=\"canonical\" href=\"https:\/\/calidomaris.com\/tr\/accessibility\/\" \/>\n<meta property=\"og:locale\" content=\"tr_TR\" \/>\n<meta property=\"og:type\" content=\"article\" \/>\n<meta property=\"og:title\" content=\"Accessibility - Calido Maris Hotel\" \/>\n<meta property=\"og:description\" content=\"ACCESSIBILITY Our facility has been designed so that disabled guests can experience a comfortable holiday. Special parking spaces are available for our disabled guests. In order for our disabled guests to move freely, there are wide corridors and elevators in our facility. In addition, we also have special rooms according to the wishes of our [&hellip;]\" \/>\n<meta property=\"og:url\" content=\"https:\/\/calidomaris.com\/tr\/accessibility\/\" \/>\n<meta property=\"og:site_name\" content=\"Calido Maris Hotel\" \/>\n<meta property=\"article:publisher\" content=\"https:\/\/www.facebook.com\/calidomarishotel\/\" \/>\n<meta property=\"article:modified_time\" content=\"2023-06-20T16:16:27+00:00\" \/>\n<meta property=\"og:image\" content=\"http:\/\/calidomaris.com\/wp-content\/uploads\/2023\/06\/eb-4.webp\" \/>\n<meta name=\"twitter:card\" content=\"summary_large_image\" \/>\n<meta name=\"twitter:label1\" content=\"Tahmini okuma s\u00fcresi\" \/>\n\t<meta name=\"twitter:data1\" content=\"1 dakika\" \/>\n<script type=\"application\/ld+json\" class=\"yoast-schema-graph\">{\"@context\":\"https:\/\/schema.org\",\"@graph\":[{\"@type\":\"WebPage\",\"@id\":\"https:\/\/calidomaris.com\/accessibility\/\",\"url\":\"https:\/\/calidomaris.com\/accessibility\/\",\"name\":\"Accessibility - Calido Maris Hotel\",\"isPartOf\":{\"@id\":\"https:\/\/calidomaris.com\/#website\"},\"primaryImageOfPage\":{\"@id\":\"https:\/\/calidomaris.com\/accessibility\/#primaryimage\"},\"image\":{\"@id\":\"https:\/\/calidomaris.com\/accessibility\/#primaryimage\"},\"thumbnailUrl\":\"http:\/\/calidomaris.com\/wp-content\/uploads\/2023\/06\/eb-4.webp\",\"datePublished\":\"2023-06-20T10:22:57+00:00\",\"dateModified\":\"2023-06-20T16:16:27+00:00\",\"breadcrumb\":{\"@id\":\"https:\/\/calidomaris.com\/accessibility\/#breadcrumb\"},\"inLanguage\":\"tr\",\"potentialAction\":[{\"@type\":\"ReadAction\",\"target\":[\"https:\/\/calidomaris.com\/accessibility\/\"]}]},{\"@type\":\"ImageObject\",\"inLanguage\":\"tr\",\"@id\":\"https:\/\/calidomaris.com\/accessibility\/#primaryimage\",\"url\":\"http:\/\/calidomaris.com\/wp-content\/uploads\/2023\/06\/eb-4.webp\",\"contentUrl\":\"http:\/\/calidomaris.com\/wp-content\/uploads\/2023\/06\/eb-4.webp\"},{\"@type\":\"BreadcrumbList\",\"@id\":\"https:\/\/calidomaris.com\/accessibility\/#breadcrumb\",\"itemListElement\":[{\"@type\":\"ListItem\",\"position\":1,\"name\":\"Home\",\"item\":\"https:\/\/calidomaris.com\/\"},{\"@type\":\"ListItem\",\"position\":2,\"name\":\"Accessibility\"}]},{\"@type\":\"WebSite\",\"@id\":\"https:\/\/calidomaris.com\/#website\",\"url\":\"https:\/\/calidomaris.com\/\",\"name\":\"Calido Maris Hotel\",\"description\":\"A True holiday paradise\",\"publisher\":{\"@id\":\"https:\/\/calidomaris.com\/#organization\"},\"potentialAction\":[{\"@type\":\"SearchAction\",\"target\":{\"@type\":\"EntryPoint\",\"urlTemplate\":\"https:\/\/calidomaris.com\/?s={search_term_string}\"},\"query-input\":{\"@type\":\"PropertyValueSpecification\",\"valueRequired\":true,\"valueName\":\"search_term_string\"}}],\"inLanguage\":\"tr\"},{\"@type\":\"Organization\",\"@id\":\"https:\/\/calidomaris.com\/#organization\",\"name\":\"Calido Maris Hotel\",\"url\":\"https:\/\/calidomaris.com\/\",\"logo\":{\"@type\":\"ImageObject\",\"inLanguage\":\"tr\",\"@id\":\"https:\/\/calidomaris.com\/#\/schema\/logo\/image\/\",\"url\":\"https:\/\/calidomaris.com\/wp-content\/uploads\/2023\/04\/logo.png\",\"contentUrl\":\"https:\/\/calidomaris.com\/wp-content\/uploads\/2023\/04\/logo.png\",\"width\":437,\"height\":145,\"caption\":\"Calido Maris Hotel\"},\"image\":{\"@id\":\"https:\/\/calidomaris.com\/#\/schema\/logo\/image\/\"},\"sameAs\":[\"https:\/\/www.facebook.com\/calidomarishotel\/\",\"https:\/\/www.instagram.com\/calidomaris.official\/\"]}]}<\/script>\n<!-- \/ Yoast SEO plugin. -->","yoast_head_json":{"title":"Accessibility - Calido Maris Hotel","robots":{"index":"index","follow":"follow","max-snippet":"max-snippet:-1","max-image-preview":"max-image-preview:large","max-video-preview":"max-video-preview:-1"},"canonical":"https:\/\/calidomaris.com\/tr\/accessibility\/","og_locale":"tr_TR","og_type":"article","og_title":"Accessibility - Calido Maris Hotel","og_description":"ACCESSIBILITY Our facility has been designed so that disabled guests can experience a comfortable holiday. Special parking spaces are available for our disabled guests. In order for our disabled guests to move freely, there are wide corridors and elevators in our facility. In addition, we also have special rooms according to the wishes of our [&hellip;]","og_url":"https:\/\/calidomaris.com\/tr\/accessibility\/","og_site_name":"Calido Maris Hotel","article_publisher":"https:\/\/www.facebook.com\/calidomarishotel\/","article_modified_time":"2023-06-20T16:16:27+00:00","og_image":[{"url":"http:\/\/calidomaris.com\/wp-content\/uploads\/2023\/06\/eb-4.webp"}],"twitter_card":"summary_large_image","twitter_misc":{"Tahmini okuma s\u00fcresi":"1 dakika"},"schema":{"@context":"https:\/\/schema.org","@graph":[{"@type":"WebPage","@id":"https:\/\/calidomaris.com\/accessibility\/","url":"https:\/\/calidomaris.com\/accessibility\/","name":"Accessibility - Calido Maris Hotel","isPartOf":{"@id":"https:\/\/calidomaris.com\/#website"},"primaryImageOfPage":{"@id":"https:\/\/calidomaris.com\/accessibility\/#primaryimage"},"image":{"@id":"https:\/\/calidomaris.com\/accessibility\/#primaryimage"},"thumbnailUrl":"http:\/\/calidomaris.com\/wp-content\/uploads\/2023\/06\/eb-4.webp","datePublished":"2023-06-20T10:22:57+00:00","dateModified":"2023-06-20T16:16:27+00:00","breadcrumb":{"@id":"https:\/\/calidomaris.com\/accessibility\/#breadcrumb"},"inLanguage":"tr","potentialAction":[{"@type":"ReadAction","target":["https:\/\/calidomaris.com\/accessibility\/"]}]},{"@type":"ImageObject","inLanguage":"tr","@id":"https:\/\/calidomaris.com\/accessibility\/#primaryimage","url":"http:\/\/calidomaris.com\/wp-content\/uploads\/2023\/06\/eb-4.webp","contentUrl":"http:\/\/calidomaris.com\/wp-content\/uploads\/2023\/06\/eb-4.webp"},{"@type":"BreadcrumbList","@id":"https:\/\/calidomaris.com\/accessibility\/#breadcrumb","itemListElement":[{"@type":"ListItem","position":1,"name":"Home","item":"https:\/\/calidomaris.com\/"},{"@type":"ListItem","position":2,"name":"Accessibility"}]},{"@type":"WebSite","@id":"https:\/\/calidomaris.com\/#website","url":"https:\/\/calidomaris.com\/","name":"Calido Maris Hotel","description":"A True holiday paradise","publisher":{"@id":"https:\/\/calidomaris.com\/#organization"},"potentialAction":[{"@type":"SearchAction","target":{"@type":"EntryPoint","urlTemplate":"https:\/\/calidomaris.com\/?s={search_term_string}"},"query-input":{"@type":"PropertyValueSpecification","valueRequired":true,"valueName":"search_term_string"}}],"inLanguage":"tr"},{"@type":"Organization","@id":"https:\/\/calidomaris.com\/#organization","name":"Calido Maris Hotel","url":"https:\/\/calidomaris.com\/","logo":{"@type":"ImageObject","inLanguage":"tr","@id":"https:\/\/calidomaris.com\/#\/schema\/logo\/image\/","url":"https:\/\/calidomaris.com\/wp-content\/uploads\/2023\/04\/logo.png","contentUrl":"https:\/\/calidomaris.com\/wp-content\/uploads\/2023\/04\/logo.png","width":437,"height":145,"caption":"Calido Maris Hotel"},"image":{"@id":"https:\/\/calidomaris.com\/#\/schema\/logo\/image\/"},"sameAs":["https:\/\/www.facebook.com\/calidomarishotel\/","https:\/\/www.instagram.com\/calidomaris.official\/"]}]}},"_links":{"self":[{"href":"https:\/\/calidomaris.com\/tr\/wp-json\/wp\/v2\/pages\/1038","targetHints":{"allow":["GET"]}}],"collection":[{"href":"https:\/\/calidomaris.com\/tr\/wp-json\/wp\/v2\/pages"}],"about":[{"href":"https:\/\/calidomaris.com\/tr\/wp-json\/wp\/v2\/types\/page"}],"author":[{"embeddable":true,"href":"https:\/\/calidomaris.com\/tr\/wp-json\/wp\/v2\/users\/1"}],"replies":[{"embeddable":true,"href":"https:\/\/calidomaris.com\/tr\/wp-json\/wp\/v2\/comments?post=1038"}],"version-history":[{"count":20,"href":"https:\/\/calidomaris.com\/tr\/wp-json\/wp\/v2\/pages\/1038\/revisions"}],"predecessor-version":[{"id":1126,"href":"https:\/\/calidomaris.com\/tr\/wp-json\/wp\/v2\/pages\/1038\/revisions\/1126"}],"wp:attachment":[{"href":"https:\/\/calidomaris.com\/tr\/wp-json\/wp\/v2\/media?parent=1038"}],"curies":[{"name":"wp","href":"https:\/\/api.w.org\/{rel}","templated":true}]}}