{"id":377,"date":"2023-04-14T20:23:14","date_gmt":"2023-04-14T20:23:14","guid":{"rendered":"https:\/\/calidomaris.com\/?page_id=377"},"modified":"2024-11-30T11:29:48","modified_gmt":"2024-11-30T11:29:48","slug":"entertainment","status":"publish","type":"page","link":"https:\/\/calidomaris.com\/tr\/entertainment\/","title":{"rendered":"E\u011flence"},"content":{"rendered":"<div data-elementor-type=\"wp-page\" data-elementor-id=\"377\" class=\"elementor elementor-377\" data-elementor-post-type=\"page\">\n\t\t\t\t\t\t<section class=\"has_eae_slider elementor-section elementor-top-section elementor-element elementor-element-7f89a69b elementor-section-boxed elementor-section-height-default elementor-section-height-default\" data-id=\"7f89a69b\" data-element_type=\"section\" data-settings=\"{&quot;background_background&quot;:&quot;classic&quot;}\">\n\t\t\t\t\t\t\t<div class=\"elementor-background-overlay\"><\/div>\n\t\t\t\t\t\t\t<div class=\"elementor-container elementor-column-gap-default\">\n\t\t\t\t\t<div class=\"has_eae_slider elementor-column elementor-col-100 elementor-top-column elementor-element elementor-element-18eba3f0\" data-id=\"18eba3f0\" data-element_type=\"column\">\n\t\t\t<div class=\"elementor-widget-wrap elementor-element-populated\">\n\t\t\t\t\t\t<div class=\"elementor-element elementor-element-19f49924 elementor-widget elementor-widget-heading\" data-id=\"19f49924\" data-element_type=\"widget\" data-widget_type=\"heading.default\">\n\t\t\t\t<div class=\"elementor-widget-container\">\n\t\t\t<h2 class=\"elementor-heading-title elementor-size-default\">E\u011flence<\/h2>\t\t<\/div>\n\t\t\t\t<\/div>\n\t\t\t\t\t<\/div>\n\t\t<\/div>\n\t\t\t\t\t<\/div>\n\t\t<\/section>\n\t\t\t\t<section class=\"has_eae_slider elementor-section elementor-top-section elementor-element elementor-element-16ae901f elementor-section-content-top elementor-section-boxed elementor-section-height-default elementor-section-height-default\" data-id=\"16ae901f\" data-element_type=\"section\" data-settings=\"{&quot;background_background&quot;:&quot;classic&quot;}\">\n\t\t\t\t\t\t<div class=\"elementor-container elementor-column-gap-default\">\n\t\t\t\t\t<div class=\"has_eae_slider elementor-column elementor-col-50 elementor-top-column elementor-element elementor-element-1e3215d6\" data-id=\"1e3215d6\" data-element_type=\"column\">\n\t\t\t<div class=\"elementor-widget-wrap elementor-element-populated\">\n\t\t\t\t\t\t<div class=\"elementor-element elementor-element-67c7c51d elementor-widget elementor-widget-heading\" data-id=\"67c7c51d\" data-element_type=\"widget\" data-widget_type=\"heading.default\">\n\t\t\t\t<div class=\"elementor-widget-container\">\n\t\t\t<h5 class=\"elementor-heading-title elementor-size-default\">E\u011eLENCE\n<\/h5>\t\t<\/div>\n\t\t\t\t<\/div>\n\t\t\t\t<div class=\"elementor-element elementor-element-584f64f elementor-widget elementor-widget-heading\" data-id=\"584f64f\" data-element_type=\"widget\" data-widget_type=\"heading.default\">\n\t\t\t\t<div class=\"elementor-widget-container\">\n\t\t\t<h2 class=\"elementor-heading-title elementor-size-default translation-block\">Bir Tatil... E\u011flence dolu! <br>Herkes i\u00e7in.<\/h2>\t\t<\/div>\n\t\t\t\t<\/div>\n\t\t\t\t\t<\/div>\n\t\t<\/div>\n\t\t\t\t<div class=\"has_eae_slider elementor-column elementor-col-50 elementor-top-column elementor-element elementor-element-3267d9c1\" data-id=\"3267d9c1\" data-element_type=\"column\">\n\t\t\t<div class=\"elementor-widget-wrap elementor-element-populated\">\n\t\t\t\t\t\t<div class=\"elementor-element elementor-element-2ce69c2 elementor-invisible elementor-widget elementor-widget-text-editor\" data-id=\"2ce69c2\" data-element_type=\"widget\" data-settings=\"{&quot;_animation_delay&quot;:200,&quot;_animation&quot;:&quot;fadeInRight&quot;}\" data-widget_type=\"text-editor.default\">\n\t\t\t\t<div class=\"elementor-widget-container\">\n\t\t\t\t\t\t\t<div class=\"boxes banner-line\"><div class=\"column\"><div class=\"boxes banner-line\"><div class=\"column\"><p class=\"text-narrow margin-x-center\">Calido Maris Hotel'deki konaklaman\u0131z\u0131n unutulmaz bir deneyim olmas\u0131n\u0131 istiyoruz, bu nedenle her ya\u015f ve zevke g\u00f6re tasarlanm\u0131\u015f kapsaml\u0131 ve \u00e7e\u015fitli bir etkinlik program\u0131 sunuyoruz.<\/p><\/div><\/div><\/div><\/div>\t\t\t\t\t\t<\/div>\n\t\t\t\t<\/div>\n\t\t\t\t\t<\/div>\n\t\t<\/div>\n\t\t\t\t\t<\/div>\n\t\t<\/section>\n\t\t<div class=\"has_eae_slider elementor-element elementor-element-0bc53c3 e-flex e-con-boxed e-con e-parent\" data-id=\"0bc53c3\" data-element_type=\"container\" data-settings=\"{&quot;background_background&quot;:&quot;classic&quot;}\">\n\t\t\t\t\t<div class=\"e-con-inner\">\n\t\t<div class=\"has_eae_slider elementor-element elementor-element-79f8411 e-flex e-con-boxed e-con e-child\" data-id=\"79f8411\" data-element_type=\"container\" data-settings=\"{&quot;background_background&quot;:&quot;classic&quot;}\">\n\t\t\t\t\t<div class=\"e-con-inner\">\n\t\t<div class=\"has_eae_slider elementor-element elementor-element-bb3b571 e-flex e-con-boxed e-con e-child\" data-id=\"bb3b571\" data-element_type=\"container\">\n\t\t\t\t\t<div class=\"e-con-inner\">\n\t\t\t\t<div class=\"elementor-element elementor-element-06b1e99 elementor-widget elementor-widget-heading\" data-id=\"06b1e99\" data-element_type=\"widget\" data-widget_type=\"heading.default\">\n\t\t\t\t<div class=\"elementor-widget-container\">\n\t\t\t<h2 class=\"elementor-heading-title elementor-size-default\">Mini Kul\u00fcp\n<\/h2>\t\t<\/div>\n\t\t\t\t<\/div>\n\t\t\t\t\t<\/div>\n\t\t\t\t<\/div>\n\t\t<div class=\"has_eae_slider elementor-element elementor-element-8e23301 e-flex e-con-boxed e-con e-child\" data-id=\"8e23301\" data-element_type=\"container\">\n\t\t\t\t\t<div class=\"e-con-inner\">\n\t\t<div class=\"has_eae_slider elementor-element elementor-element-e8df367 e-flex e-con-boxed e-con e-child\" data-id=\"e8df367\" data-element_type=\"container\">\n\t\t\t\t\t<div class=\"e-con-inner\">\n\t\t\t\t<div class=\"elementor-element elementor-element-69157c5 elementor-widget elementor-widget-heading\" data-id=\"69157c5\" data-element_type=\"widget\" data-widget_type=\"heading.default\">\n\t\t\t\t<div class=\"elementor-widget-container\">\n\t\t\t<h4 class=\"elementor-heading-title elementor-size-default\">\u00c7ocuk Kul\u00fcb\u00fcm\u00fcz\u00fcn \u00f6z\u00fc, k\u00fc\u00e7\u00fck sevdiklerimizin dayan\u0131lmaz derecede tatl\u0131 y\u00fczlerine bir g\u00fcl\u00fcmseme getirmektir!\n<\/h4>\t\t<\/div>\n\t\t\t\t<\/div>\n\t\t\t\t<div class=\"elementor-element elementor-element-f893618 elementor-widget elementor-widget-text-editor\" data-id=\"f893618\" data-element_type=\"widget\" data-widget_type=\"text-editor.default\">\n\t\t\t\t<div class=\"elementor-widget-container\">\n\t\t\t\t\t\t\t<div class=\"column\"><p>\u00c7ok dilli profesyonel e\u011fitmenlerimiz sevdiklerinizin bak\u0131m\u0131na katk\u0131da bulunmak i\u00e7in orada.<\/p><\/div>\t\t\t\t\t\t<\/div>\n\t\t\t\t<\/div>\n\t\t\t\t\t<\/div>\n\t\t\t\t<\/div>\n\t\t<div class=\"has_eae_slider elementor-element elementor-element-ff4c113 e-flex e-con-boxed e-con e-child\" data-id=\"ff4c113\" data-element_type=\"container\">\n\t\t\t\t\t<div class=\"e-con-inner\">\n\t\t\t\t<div class=\"elementor-element elementor-element-ec791fd elementor-widget elementor-widget-image\" data-id=\"ec791fd\" data-element_type=\"widget\" data-widget_type=\"image.default\">\n\t\t\t\t<div class=\"elementor-widget-container\">\n\t\t\t\t\t\t\t\t\t\t\t\t\t<img fetchpriority=\"high\" decoding=\"async\" width=\"800\" height=\"534\" src=\"https:\/\/calidomaris.com\/wp-content\/uploads\/2023\/04\/Entertainment4-1024x684.jpg\" class=\"attachment-large size-large wp-image-158\" alt=\"\" srcset=\"https:\/\/calidomaris.com\/wp-content\/uploads\/2023\/04\/Entertainment4-1024x684.jpg 1024w, https:\/\/calidomaris.com\/wp-content\/uploads\/2023\/04\/Entertainment4-300x200.jpg 300w, https:\/\/calidomaris.com\/wp-content\/uploads\/2023\/04\/Entertainment4-768x513.jpg 768w, https:\/\/calidomaris.com\/wp-content\/uploads\/2023\/04\/Entertainment4-1536x1025.jpg 1536w, https:\/\/calidomaris.com\/wp-content\/uploads\/2023\/04\/Entertainment4.jpg 1600w\" sizes=\"(max-width: 800px) 100vw, 800px\" \/>\t\t\t\t\t\t\t\t\t\t\t\t\t<\/div>\n\t\t\t\t<\/div>\n\t\t\t\t\t<\/div>\n\t\t\t\t<\/div>\n\t\t\t\t\t<\/div>\n\t\t\t\t<\/div>\n\t\t<div class=\"has_eae_slider elementor-element elementor-element-4864a66 e-flex e-con-boxed e-con e-child\" data-id=\"4864a66\" data-element_type=\"container\">\n\t\t\t\t\t<div class=\"e-con-inner\">\n\t\t\t\t<div class=\"elementor-element elementor-element-4202a24 elementor-widget elementor-widget-heading\" data-id=\"4202a24\" data-element_type=\"widget\" data-widget_type=\"heading.default\">\n\t\t\t\t<div class=\"elementor-widget-container\">\n\t\t\t<h2 class=\"elementor-heading-title elementor-size-default\">Oyun Merkezi<\/h2>\t\t<\/div>\n\t\t\t\t<\/div>\n\t\t\t\t\t<\/div>\n\t\t\t\t<\/div>\n\t\t<div class=\"has_eae_slider elementor-element elementor-element-a31a425 e-flex e-con-boxed e-con e-child\" data-id=\"a31a425\" data-element_type=\"container\">\n\t\t\t\t\t<div class=\"e-con-inner\">\n\t\t<div class=\"has_eae_slider elementor-element elementor-element-7375cd6 e-flex e-con-boxed e-con e-child\" data-id=\"7375cd6\" data-element_type=\"container\">\n\t\t\t\t\t<div class=\"e-con-inner\">\n\t\t\t\t<div class=\"elementor-element elementor-element-ab0e1b4 elementor-widget elementor-widget-image\" data-id=\"ab0e1b4\" data-element_type=\"widget\" data-widget_type=\"image.default\">\n\t\t\t\t<div class=\"elementor-widget-container\">\n\t\t\t\t\t\t\t\t\t\t\t\t\t<img decoding=\"async\" width=\"800\" height=\"533\" src=\"https:\/\/calidomaris.com\/wp-content\/uploads\/2023\/04\/GameCenter001.jpg\" class=\"attachment-large size-large wp-image-160\" alt=\"\" srcset=\"https:\/\/calidomaris.com\/wp-content\/uploads\/2023\/04\/GameCenter001.jpg 950w, https:\/\/calidomaris.com\/wp-content\/uploads\/2023\/04\/GameCenter001-300x200.jpg 300w, https:\/\/calidomaris.com\/wp-content\/uploads\/2023\/04\/GameCenter001-768x512.jpg 768w\" sizes=\"(max-width: 800px) 100vw, 800px\" \/>\t\t\t\t\t\t\t\t\t\t\t\t\t<\/div>\n\t\t\t\t<\/div>\n\t\t\t\t\t<\/div>\n\t\t\t\t<\/div>\n\t\t<div class=\"has_eae_slider elementor-element elementor-element-1f1a614 e-flex e-con-boxed e-con e-child\" data-id=\"1f1a614\" data-element_type=\"container\">\n\t\t\t\t\t<div class=\"e-con-inner\">\n\t\t\t\t<div class=\"elementor-element elementor-element-7d4d83b elementor-widget elementor-widget-text-editor\" data-id=\"7d4d83b\" data-element_type=\"widget\" data-widget_type=\"text-editor.default\">\n\t\t\t\t<div class=\"elementor-widget-container\">\n\t\t\t\t\t\t\t<div class=\"column\"><p class=\" translation-block\">Oyun odas\u0131 merkezimizde birbirinden e\u011flenceli dolu dolu oyunlarla sizlerin ve \u00e7ocuklar\u0131n\u0131z\u0131n hizmetindeyiz.<\/p><\/div>\t\t\t\t\t\t<\/div>\n\t\t\t\t<\/div>\n\t\t\t\t\t<\/div>\n\t\t\t\t<\/div>\n\t\t\t\t\t<\/div>\n\t\t\t\t<\/div>\n\t\t\t\t\t<\/div>\n\t\t\t\t<\/div>\n\t\t\t\t\t<\/div>\n\t\t\t\t<\/div>\n\t\t\t\t<\/div>","protected":false},"excerpt":{"rendered":"<p>Entertainment ENTERTAINMENT A Holiday&#8230; Full of fun! For everyone. We want your stay at the Calido Maris Hotel to be an unforgettable experience, so we offer an extensive and varied programme of activities designed for all ages and tastes. Mini Club The very essence of our Kids Club is to bring a smile to the [&hellip;]<\/p>","protected":false},"author":1,"featured_media":0,"parent":0,"menu_order":0,"comment_status":"closed","ping_status":"closed","template":"","meta":{"footnotes":""},"class_list":["post-377","page","type-page","status-publish","hentry"],"yoast_head":"<!-- This site is optimized with the Yoast SEO plugin v23.9 - https:\/\/yoast.com\/wordpress\/plugins\/seo\/ -->\n<title>Entertainment - Calido Maris Hotel<\/title>\n<meta name=\"robots\" content=\"index, follow, max-snippet:-1, max-image-preview:large, max-video-preview:-1\" \/>\n<link rel=\"canonical\" href=\"https:\/\/calidomaris.com\/tr\/entertainment\/\" \/>\n<meta property=\"og:locale\" content=\"tr_TR\" \/>\n<meta property=\"og:type\" content=\"article\" \/>\n<meta property=\"og:title\" content=\"Entertainment - Calido Maris Hotel\" \/>\n<meta property=\"og:description\" content=\"Entertainment ENTERTAINMENT A Holiday&#8230; Full of fun! For everyone. We want your stay at the Calido Maris Hotel to be an unforgettable experience, so we offer an extensive and varied programme of activities designed for all ages and tastes. Mini Club The very essence of our Kids Club is to bring a smile to the [&hellip;]\" \/>\n<meta property=\"og:url\" content=\"https:\/\/calidomaris.com\/tr\/entertainment\/\" \/>\n<meta property=\"og:site_name\" content=\"Calido Maris Hotel\" \/>\n<meta property=\"article:publisher\" content=\"https:\/\/www.facebook.com\/calidomarishotel\/\" \/>\n<meta property=\"article:modified_time\" content=\"2024-11-30T11:29:48+00:00\" \/>\n<meta property=\"og:image\" content=\"https:\/\/calidomaris.com\/wp-content\/uploads\/2023\/04\/Entertainment4.jpg\" \/>\n\t<meta property=\"og:image:width\" content=\"1600\" \/>\n\t<meta property=\"og:image:height\" content=\"1068\" \/>\n\t<meta property=\"og:image:type\" content=\"image\/jpeg\" \/>\n<meta name=\"twitter:card\" content=\"summary_large_image\" \/>\n<meta name=\"twitter:label1\" content=\"Tahmini okuma s\u00fcresi\" \/>\n\t<meta name=\"twitter:data1\" content=\"1 dakika\" \/>\n<script type=\"application\/ld+json\" class=\"yoast-schema-graph\">{\"@context\":\"https:\/\/schema.org\",\"@graph\":[{\"@type\":\"WebPage\",\"@id\":\"https:\/\/calidomaris.com\/entertainment\/\",\"url\":\"https:\/\/calidomaris.com\/entertainment\/\",\"name\":\"Entertainment - Calido Maris Hotel\",\"isPartOf\":{\"@id\":\"https:\/\/calidomaris.com\/#website\"},\"primaryImageOfPage\":{\"@id\":\"https:\/\/calidomaris.com\/entertainment\/#primaryimage\"},\"image\":{\"@id\":\"https:\/\/calidomaris.com\/entertainment\/#primaryimage\"},\"thumbnailUrl\":\"https:\/\/calidomaris.com\/wp-content\/uploads\/2023\/04\/Entertainment4-1024x684.jpg\",\"datePublished\":\"2023-04-14T20:23:14+00:00\",\"dateModified\":\"2024-11-30T11:29:48+00:00\",\"breadcrumb\":{\"@id\":\"https:\/\/calidomaris.com\/entertainment\/#breadcrumb\"},\"inLanguage\":\"tr\",\"potentialAction\":[{\"@type\":\"ReadAction\",\"target\":[\"https:\/\/calidomaris.com\/entertainment\/\"]}]},{\"@type\":\"ImageObject\",\"inLanguage\":\"tr\",\"@id\":\"https:\/\/calidomaris.com\/entertainment\/#primaryimage\",\"url\":\"https:\/\/calidomaris.com\/wp-content\/uploads\/2023\/04\/Entertainment4-1024x684.jpg\",\"contentUrl\":\"https:\/\/calidomaris.com\/wp-content\/uploads\/2023\/04\/Entertainment4-1024x684.jpg\"},{\"@type\":\"BreadcrumbList\",\"@id\":\"https:\/\/calidomaris.com\/entertainment\/#breadcrumb\",\"itemListElement\":[{\"@type\":\"ListItem\",\"position\":1,\"name\":\"Home\",\"item\":\"https:\/\/calidomaris.com\/\"},{\"@type\":\"ListItem\",\"position\":2,\"name\":\"Entertainment\"}]},{\"@type\":\"WebSite\",\"@id\":\"https:\/\/calidomaris.com\/#website\",\"url\":\"https:\/\/calidomaris.com\/\",\"name\":\"Calido Maris Hotel\",\"description\":\"A True holiday paradise\",\"publisher\":{\"@id\":\"https:\/\/calidomaris.com\/#organization\"},\"potentialAction\":[{\"@type\":\"SearchAction\",\"target\":{\"@type\":\"EntryPoint\",\"urlTemplate\":\"https:\/\/calidomaris.com\/?s={search_term_string}\"},\"query-input\":{\"@type\":\"PropertyValueSpecification\",\"valueRequired\":true,\"valueName\":\"search_term_string\"}}],\"inLanguage\":\"tr\"},{\"@type\":\"Organization\",\"@id\":\"https:\/\/calidomaris.com\/#organization\",\"name\":\"Calido Maris Hotel\",\"url\":\"https:\/\/calidomaris.com\/\",\"logo\":{\"@type\":\"ImageObject\",\"inLanguage\":\"tr\",\"@id\":\"https:\/\/calidomaris.com\/#\/schema\/logo\/image\/\",\"url\":\"https:\/\/calidomaris.com\/wp-content\/uploads\/2023\/04\/logo.png\",\"contentUrl\":\"https:\/\/calidomaris.com\/wp-content\/uploads\/2023\/04\/logo.png\",\"width\":437,\"height\":145,\"caption\":\"Calido Maris Hotel\"},\"image\":{\"@id\":\"https:\/\/calidomaris.com\/#\/schema\/logo\/image\/\"},\"sameAs\":[\"https:\/\/www.facebook.com\/calidomarishotel\/\",\"https:\/\/www.instagram.com\/calidomaris.official\/\"]}]}<\/script>\n<!-- \/ Yoast SEO plugin. -->","yoast_head_json":{"title":"Entertainment - Calido Maris Hotel","robots":{"index":"index","follow":"follow","max-snippet":"max-snippet:-1","max-image-preview":"max-image-preview:large","max-video-preview":"max-video-preview:-1"},"canonical":"https:\/\/calidomaris.com\/tr\/entertainment\/","og_locale":"tr_TR","og_type":"article","og_title":"Entertainment - Calido Maris Hotel","og_description":"Entertainment ENTERTAINMENT A Holiday&#8230; Full of fun! For everyone. We want your stay at the Calido Maris Hotel to be an unforgettable experience, so we offer an extensive and varied programme of activities designed for all ages and tastes. Mini Club The very essence of our Kids Club is to bring a smile to the [&hellip;]","og_url":"https:\/\/calidomaris.com\/tr\/entertainment\/","og_site_name":"Calido Maris Hotel","article_publisher":"https:\/\/www.facebook.com\/calidomarishotel\/","article_modified_time":"2024-11-30T11:29:48+00:00","og_image":[{"width":1600,"height":1068,"url":"https:\/\/calidomaris.com\/wp-content\/uploads\/2023\/04\/Entertainment4.jpg","type":"image\/jpeg"}],"twitter_card":"summary_large_image","twitter_misc":{"Tahmini okuma s\u00fcresi":"1 dakika"},"schema":{"@context":"https:\/\/schema.org","@graph":[{"@type":"WebPage","@id":"https:\/\/calidomaris.com\/entertainment\/","url":"https:\/\/calidomaris.com\/entertainment\/","name":"Entertainment - Calido Maris Hotel","isPartOf":{"@id":"https:\/\/calidomaris.com\/#website"},"primaryImageOfPage":{"@id":"https:\/\/calidomaris.com\/entertainment\/#primaryimage"},"image":{"@id":"https:\/\/calidomaris.com\/entertainment\/#primaryimage"},"thumbnailUrl":"https:\/\/calidomaris.com\/wp-content\/uploads\/2023\/04\/Entertainment4-1024x684.jpg","datePublished":"2023-04-14T20:23:14+00:00","dateModified":"2024-11-30T11:29:48+00:00","breadcrumb":{"@id":"https:\/\/calidomaris.com\/entertainment\/#breadcrumb"},"inLanguage":"tr","potentialAction":[{"@type":"ReadAction","target":["https:\/\/calidomaris.com\/entertainment\/"]}]},{"@type":"ImageObject","inLanguage":"tr","@id":"https:\/\/calidomaris.com\/entertainment\/#primaryimage","url":"https:\/\/calidomaris.com\/wp-content\/uploads\/2023\/04\/Entertainment4-1024x684.jpg","contentUrl":"https:\/\/calidomaris.com\/wp-content\/uploads\/2023\/04\/Entertainment4-1024x684.jpg"},{"@type":"BreadcrumbList","@id":"https:\/\/calidomaris.com\/entertainment\/#breadcrumb","itemListElement":[{"@type":"ListItem","position":1,"name":"Home","item":"https:\/\/calidomaris.com\/"},{"@type":"ListItem","position":2,"name":"Entertainment"}]},{"@type":"WebSite","@id":"https:\/\/calidomaris.com\/#website","url":"https:\/\/calidomaris.com\/","name":"Calido Maris Hotel","description":"A True holiday paradise","publisher":{"@id":"https:\/\/calidomaris.com\/#organization"},"potentialAction":[{"@type":"SearchAction","target":{"@type":"EntryPoint","urlTemplate":"https:\/\/calidomaris.com\/?s={search_term_string}"},"query-input":{"@type":"PropertyValueSpecification","valueRequired":true,"valueName":"search_term_string"}}],"inLanguage":"tr"},{"@type":"Organization","@id":"https:\/\/calidomaris.com\/#organization","name":"Calido Maris Hotel","url":"https:\/\/calidomaris.com\/","logo":{"@type":"ImageObject","inLanguage":"tr","@id":"https:\/\/calidomaris.com\/#\/schema\/logo\/image\/","url":"https:\/\/calidomaris.com\/wp-content\/uploads\/2023\/04\/logo.png","contentUrl":"https:\/\/calidomaris.com\/wp-content\/uploads\/2023\/04\/logo.png","width":437,"height":145,"caption":"Calido Maris Hotel"},"image":{"@id":"https:\/\/calidomaris.com\/#\/schema\/logo\/image\/"},"sameAs":["https:\/\/www.facebook.com\/calidomarishotel\/","https:\/\/www.instagram.com\/calidomaris.official\/"]}]}},"_links":{"self":[{"href":"https:\/\/calidomaris.com\/tr\/wp-json\/wp\/v2\/pages\/377","targetHints":{"allow":["GET"]}}],"collection":[{"href":"https:\/\/calidomaris.com\/tr\/wp-json\/wp\/v2\/pages"}],"about":[{"href":"https:\/\/calidomaris.com\/tr\/wp-json\/wp\/v2\/types\/page"}],"author":[{"embeddable":true,"href":"https:\/\/calidomaris.com\/tr\/wp-json\/wp\/v2\/users\/1"}],"replies":[{"embeddable":true,"href":"https:\/\/calidomaris.com\/tr\/wp-json\/wp\/v2\/comments?post=377"}],"version-history":[{"count":37,"href":"https:\/\/calidomaris.com\/tr\/wp-json\/wp\/v2\/pages\/377\/revisions"}],"predecessor-version":[{"id":1536,"href":"https:\/\/calidomaris.com\/tr\/wp-json\/wp\/v2\/pages\/377\/revisions\/1536"}],"wp:attachment":[{"href":"https:\/\/calidomaris.com\/tr\/wp-json\/wp\/v2\/media?parent=377"}],"curies":[{"name":"wp","href":"https:\/\/api.w.org\/{rel}","templated":true}]}}