{"id":400,"date":"2023-04-14T20:39:08","date_gmt":"2023-04-14T20:39:08","guid":{"rendered":"https:\/\/calidomaris.com\/?page_id=400"},"modified":"2024-11-30T11:30:14","modified_gmt":"2024-11-30T11:30:14","slug":"meeting","status":"publish","type":"page","link":"https:\/\/calidomaris.com\/tr\/meeting\/","title":{"rendered":"Toplant\u0131"},"content":{"rendered":"<div data-elementor-type=\"wp-page\" data-elementor-id=\"400\" class=\"elementor elementor-400\" data-elementor-post-type=\"page\">\n\t\t\t\t\t\t<section class=\"has_eae_slider elementor-section elementor-top-section elementor-element elementor-element-7f89a69b elementor-section-boxed elementor-section-height-default elementor-section-height-default\" data-id=\"7f89a69b\" data-element_type=\"section\" data-settings=\"{&quot;background_background&quot;:&quot;classic&quot;}\">\n\t\t\t\t\t\t\t<div class=\"elementor-background-overlay\"><\/div>\n\t\t\t\t\t\t\t<div class=\"elementor-container elementor-column-gap-default\">\n\t\t\t\t\t<div class=\"has_eae_slider elementor-column elementor-col-100 elementor-top-column elementor-element elementor-element-18eba3f0\" data-id=\"18eba3f0\" data-element_type=\"column\">\n\t\t\t<div class=\"elementor-widget-wrap elementor-element-populated\">\n\t\t\t\t\t\t<div class=\"elementor-element elementor-element-19f49924 elementor-widget elementor-widget-heading\" data-id=\"19f49924\" data-element_type=\"widget\" data-widget_type=\"heading.default\">\n\t\t\t\t<div class=\"elementor-widget-container\">\n\t\t\t<h2 class=\"elementor-heading-title elementor-size-default\">Toplant\u0131<\/h2>\t\t<\/div>\n\t\t\t\t<\/div>\n\t\t\t\t\t<\/div>\n\t\t<\/div>\n\t\t\t\t\t<\/div>\n\t\t<\/section>\n\t\t\t\t<section class=\"has_eae_slider elementor-section elementor-top-section elementor-element elementor-element-16ae901f elementor-section-content-top elementor-section-boxed elementor-section-height-default elementor-section-height-default\" data-id=\"16ae901f\" data-element_type=\"section\" data-settings=\"{&quot;background_background&quot;:&quot;classic&quot;}\">\n\t\t\t\t\t\t<div class=\"elementor-container elementor-column-gap-default\">\n\t\t\t\t\t<div class=\"has_eae_slider elementor-column elementor-col-50 elementor-top-column elementor-element elementor-element-1e3215d6\" data-id=\"1e3215d6\" data-element_type=\"column\">\n\t\t\t<div class=\"elementor-widget-wrap elementor-element-populated\">\n\t\t\t\t\t\t<div class=\"elementor-element elementor-element-67c7c51d elementor-widget elementor-widget-heading\" data-id=\"67c7c51d\" data-element_type=\"widget\" data-widget_type=\"heading.default\">\n\t\t\t\t<div class=\"elementor-widget-container\">\n\t\t\t<h5 class=\"elementor-heading-title elementor-size-default\">TOPLANTI TESI\u0307SLERI\u0307<\/h5>\t\t<\/div>\n\t\t\t\t<\/div>\n\t\t\t\t<div class=\"elementor-element elementor-element-379ce43 elementor-widget elementor-widget-heading\" data-id=\"379ce43\" data-element_type=\"widget\" data-widget_type=\"heading.default\">\n\t\t\t\t<div class=\"elementor-widget-container\">\n\t\t\t<h2 class=\"elementor-heading-title elementor-size-default\">Calido Maris Otel'de<\/h2>\t\t<\/div>\n\t\t\t\t<\/div>\n\t\t\t\t\t<\/div>\n\t\t<\/div>\n\t\t\t\t<div class=\"has_eae_slider elementor-column elementor-col-50 elementor-top-column elementor-element elementor-element-3267d9c1\" data-id=\"3267d9c1\" data-element_type=\"column\">\n\t\t\t<div class=\"elementor-widget-wrap elementor-element-populated\">\n\t\t\t\t\t\t<div class=\"elementor-element elementor-element-2ce69c2 elementor-invisible elementor-widget elementor-widget-text-editor\" data-id=\"2ce69c2\" data-element_type=\"widget\" data-settings=\"{&quot;_animation_delay&quot;:200,&quot;_animation&quot;:&quot;fadeInRight&quot;}\" data-widget_type=\"text-editor.default\">\n\t\t\t\t<div class=\"elementor-widget-container\">\n\t\t\t\t\t\t\t<div class=\"boxes banner-line\"><div class=\"column\"><div class=\"boxes banner-line\"><div class=\"column\"><div class=\"boxes banner-line\"><div class=\"column\"><p class=\"text-narrow margin-x-center\">\u00d6zel ve tam donan\u0131ml\u0131 toplant\u0131 tesislerimiz ve toplant\u0131 salonumuz, t\u00fcm i\u015f ihtiya\u00e7lar\u0131n\u0131z\u0131 kar\u015f\u0131layan y\u00fcksek s\u0131n\u0131f \u015f\u0131k i\u015f ortamlar\u0131 sunmaktad\u0131r.<\/p><\/div><\/div><div class=\"img-container\"><div class=\"line-box\">\u00a0<\/div><\/div><\/div><\/div><\/div><\/div>\t\t\t\t\t\t<\/div>\n\t\t\t\t<\/div>\n\t\t\t\t\t<\/div>\n\t\t<\/div>\n\t\t\t\t\t<\/div>\n\t\t<\/section>\n\t\t<div class=\"has_eae_slider elementor-element elementor-element-0bc53c3 e-flex e-con-boxed e-con e-parent\" data-id=\"0bc53c3\" data-element_type=\"container\" data-settings=\"{&quot;background_background&quot;:&quot;classic&quot;}\">\n\t\t\t\t\t<div class=\"e-con-inner\">\n\t\t<div class=\"has_eae_slider elementor-element elementor-element-79f8411 e-flex e-con-boxed e-con e-child\" data-id=\"79f8411\" data-element_type=\"container\" data-settings=\"{&quot;background_background&quot;:&quot;classic&quot;}\">\n\t\t\t\t\t<div class=\"e-con-inner\">\n\t\t<div class=\"has_eae_slider elementor-element elementor-element-bb3b571 e-flex e-con-boxed e-con e-child\" data-id=\"bb3b571\" data-element_type=\"container\">\n\t\t\t\t\t<div class=\"e-con-inner\">\n\t\t\t\t<div class=\"elementor-element elementor-element-06b1e99 elementor-widget elementor-widget-heading\" data-id=\"06b1e99\" data-element_type=\"widget\" data-widget_type=\"heading.default\">\n\t\t\t\t<div class=\"elementor-widget-container\">\n\t\t\t<h2 class=\"elementor-heading-title elementor-size-default\">Ayr\u0131cal\u0131k<\/h2>\t\t<\/div>\n\t\t\t\t<\/div>\n\t\t\t\t\t<\/div>\n\t\t\t\t<\/div>\n\t\t<div class=\"has_eae_slider elementor-element elementor-element-8e23301 e-flex e-con-boxed e-con e-child\" data-id=\"8e23301\" data-element_type=\"container\">\n\t\t\t\t\t<div class=\"e-con-inner\">\n\t\t<div class=\"has_eae_slider elementor-element elementor-element-e8df367 e-flex e-con-boxed e-con e-child\" data-id=\"e8df367\" data-element_type=\"container\">\n\t\t\t\t\t<div class=\"e-con-inner\">\n\t\t\t\t<div class=\"elementor-element elementor-element-f893618 elementor-widget elementor-widget-text-editor\" data-id=\"f893618\" data-element_type=\"widget\" data-widget_type=\"text-editor.default\">\n\t\t\t\t<div class=\"elementor-widget-container\">\n\t\t\t\t\t\t\t<div class=\"img-container\"><div class=\"line-box\"><p class=\"text-narrow margin-x-center translation-block\">Ayr\u0131ca, otel odalar\u0131m\u0131zdaki indirimlerle birlikte konferanslar ve<br>toplant\u0131lar i\u00e7in de harika f\u0131rsatlar\u0131m\u0131z mevcuttur.<\/p><\/div><\/div>\t\t\t\t\t\t<\/div>\n\t\t\t\t<\/div>\n\t\t\t\t\t<\/div>\n\t\t\t\t<\/div>\n\t\t\t\t\t<\/div>\n\t\t\t\t<\/div>\n\t\t\t\t\t<\/div>\n\t\t\t\t<\/div>\n\t\t\t\t\t<\/div>\n\t\t\t\t<\/div>\n\t\t<div class=\"has_eae_slider elementor-element elementor-element-08d72e8 e-flex e-con-boxed e-con e-parent\" data-id=\"08d72e8\" data-element_type=\"container\" data-settings=\"{&quot;background_background&quot;:&quot;classic&quot;}\">\n\t\t\t\t\t<div class=\"e-con-inner\">\n\t\t<div class=\"has_eae_slider elementor-element elementor-element-70a7679 e-flex e-con-boxed e-con e-child\" data-id=\"70a7679\" data-element_type=\"container\">\n\t\t\t\t\t<div class=\"e-con-inner\">\n\t\t<div class=\"has_eae_slider elementor-element elementor-element-ee91e11 e-flex e-con-boxed e-con e-child\" data-id=\"ee91e11\" data-element_type=\"container\">\n\t\t\t\t\t<div class=\"e-con-inner\">\n\t\t\t\t<div class=\"elementor-element elementor-element-3366969 elementor-widget elementor-widget-image\" data-id=\"3366969\" data-element_type=\"widget\" data-widget_type=\"image.default\">\n\t\t\t\t<div class=\"elementor-widget-container\">\n\t\t\t\t\t\t\t\t\t\t\t\t\t<img fetchpriority=\"high\" decoding=\"async\" width=\"950\" height=\"636\" src=\"https:\/\/calidomaris.com\/wp-content\/uploads\/2023\/04\/4-meeting.jpg\" class=\"attachment-full size-full wp-image-403\" alt=\"\" srcset=\"https:\/\/calidomaris.com\/wp-content\/uploads\/2023\/04\/4-meeting.jpg 950w, https:\/\/calidomaris.com\/wp-content\/uploads\/2023\/04\/4-meeting-300x201.jpg 300w, https:\/\/calidomaris.com\/wp-content\/uploads\/2023\/04\/4-meeting-768x514.jpg 768w\" sizes=\"(max-width: 950px) 100vw, 950px\" \/>\t\t\t\t\t\t\t\t\t\t\t\t\t<\/div>\n\t\t\t\t<\/div>\n\t\t\t\t\t<\/div>\n\t\t\t\t<\/div>\n\t\t<div class=\"has_eae_slider elementor-element elementor-element-5fe032f e-flex e-con-boxed e-con e-child\" data-id=\"5fe032f\" data-element_type=\"container\">\n\t\t\t\t\t<div class=\"e-con-inner\">\n\t\t\t\t<div class=\"elementor-element elementor-element-5f7bb4b elementor-widget elementor-widget-heading\" data-id=\"5f7bb4b\" data-element_type=\"widget\" data-widget_type=\"heading.default\">\n\t\t\t\t<div class=\"elementor-widget-container\">\n\t\t\t<h2 class=\"elementor-heading-title elementor-size-default\">ANAHTAR \u00d6ZELLI\u0307KLER<\/h2>\t\t<\/div>\n\t\t\t\t<\/div>\n\t\t\t\t<div class=\"elementor-element elementor-element-2147977 elementor-icon-list--layout-traditional elementor-list-item-link-full_width elementor-widget elementor-widget-icon-list\" data-id=\"2147977\" data-element_type=\"widget\" data-widget_type=\"icon-list.default\">\n\t\t\t\t<div class=\"elementor-widget-container\">\n\t\t\t\t\t<ul class=\"elementor-icon-list-items\">\n\t\t\t\t\t\t\t<li class=\"elementor-icon-list-item\">\n\t\t\t\t\t\t\t\t\t\t\t<span class=\"elementor-icon-list-icon\">\n\t\t\t\t\t\t\t<i aria-hidden=\"true\" class=\"jki jki-dot-circle-solid\"><\/i>\t\t\t\t\t\t<\/span>\n\t\t\t\t\t\t\t\t\t\t<span class=\"elementor-icon-list-text\">Toplant\u0131 salonu 200 ki\u015fi kapasitelidir.<\/span>\n\t\t\t\t\t\t\t\t\t<\/li>\n\t\t\t\t\t\t\t\t<li class=\"elementor-icon-list-item\">\n\t\t\t\t\t\t\t\t\t\t\t<span class=\"elementor-icon-list-icon\">\n\t\t\t\t\t\t\t<i aria-hidden=\"true\" class=\"jki jki-dot-circle-solid\"><\/i>\t\t\t\t\t\t<\/span>\n\t\t\t\t\t\t\t\t\t\t<span class=\"elementor-icon-list-text\">Konferanslar, toplant\u0131lar, ziyafetler, galalar ve kutlamalar \u015f\u0131k toplant\u0131 salonlar\u0131m\u0131zda hayat buluyor.<\/span>\n\t\t\t\t\t\t\t\t\t<\/li>\n\t\t\t\t\t\t\t\t<li class=\"elementor-icon-list-item\">\n\t\t\t\t\t\t\t\t\t\t\t<span class=\"elementor-icon-list-icon\">\n\t\t\t\t\t\t\t<i aria-hidden=\"true\" class=\"jki jki-dot-circle-solid\"><\/i>\t\t\t\t\t\t<\/span>\n\t\t\t\t\t\t\t\t\t\t<span class=\"elementor-icon-list-text\">Kendini i\u015fine adam\u0131\u015f profesyonel kadrosu t\u00fcm teknolojik ve ileti\u015fim ihtiya\u00e7lar\u0131n\u0131z\u0131 kar\u015f\u0131layacakt\u0131r.<\/span>\n\t\t\t\t\t\t\t\t\t<\/li>\n\t\t\t\t\t\t<\/ul>\n\t\t\t\t<\/div>\n\t\t\t\t<\/div>\n\t\t\t\t\t<\/div>\n\t\t\t\t<\/div>\n\t\t\t\t\t<\/div>\n\t\t\t\t<\/div>\n\t\t<div class=\"has_eae_slider elementor-element elementor-element-718f848 e-flex e-con-boxed e-con e-child\" data-id=\"718f848\" data-element_type=\"container\">\n\t\t\t\t\t<div class=\"e-con-inner\">\n\t\t<div class=\"has_eae_slider elementor-element elementor-element-f73cffc e-flex e-con-boxed e-con e-child\" data-id=\"f73cffc\" data-element_type=\"container\">\n\t\t\t\t\t<div class=\"e-con-inner\">\n\t\t\t\t<div class=\"elementor-element elementor-element-12a7b4e elementor-widget elementor-widget-image\" data-id=\"12a7b4e\" data-element_type=\"widget\" data-widget_type=\"image.default\">\n\t\t\t\t<div class=\"elementor-widget-container\">\n\t\t\t\t\t\t\t\t\t\t\t\t\t<img decoding=\"async\" width=\"950\" height=\"635\" src=\"https:\/\/calidomaris.com\/wp-content\/uploads\/2023\/04\/5-meeting.jpg\" class=\"attachment-full size-full wp-image-404\" alt=\"\" srcset=\"https:\/\/calidomaris.com\/wp-content\/uploads\/2023\/04\/5-meeting.jpg 950w, https:\/\/calidomaris.com\/wp-content\/uploads\/2023\/04\/5-meeting-300x201.jpg 300w, https:\/\/calidomaris.com\/wp-content\/uploads\/2023\/04\/5-meeting-768x513.jpg 768w\" sizes=\"(max-width: 950px) 100vw, 950px\" \/>\t\t\t\t\t\t\t\t\t\t\t\t\t<\/div>\n\t\t\t\t<\/div>\n\t\t\t\t\t<\/div>\n\t\t\t\t<\/div>\n\t\t<div class=\"has_eae_slider elementor-element elementor-element-8ee463b e-flex e-con-boxed e-con e-child\" data-id=\"8ee463b\" data-element_type=\"container\">\n\t\t\t\t\t<div class=\"e-con-inner\">\n\t\t\t\t<div class=\"elementor-element elementor-element-3395be5 elementor-widget elementor-widget-image\" data-id=\"3395be5\" data-element_type=\"widget\" data-widget_type=\"image.default\">\n\t\t\t\t<div class=\"elementor-widget-container\">\n\t\t\t\t\t\t\t\t\t\t\t\t\t<img decoding=\"async\" width=\"950\" height=\"635\" src=\"https:\/\/calidomaris.com\/wp-content\/uploads\/2023\/04\/6-meeting.jpg\" class=\"attachment-full size-full wp-image-405\" alt=\"\" srcset=\"https:\/\/calidomaris.com\/wp-content\/uploads\/2023\/04\/6-meeting.jpg 950w, https:\/\/calidomaris.com\/wp-content\/uploads\/2023\/04\/6-meeting-300x201.jpg 300w, https:\/\/calidomaris.com\/wp-content\/uploads\/2023\/04\/6-meeting-768x513.jpg 768w\" sizes=\"(max-width: 950px) 100vw, 950px\" \/>\t\t\t\t\t\t\t\t\t\t\t\t\t<\/div>\n\t\t\t\t<\/div>\n\t\t\t\t\t<\/div>\n\t\t\t\t<\/div>\n\t\t\t\t\t<\/div>\n\t\t\t\t<\/div>\n\t\t\t\t\t<\/div>\n\t\t\t\t<\/div>\n\t\t\t\t<\/div>","protected":false},"excerpt":{"rendered":"<p>Meeting MEETING FACILITIES at Calido Maris Hotel Our private and fully equipped meeting facilities and meeting room offer high class stylish business environments which cater to all your business needs. \u00a0 Privilege We also have great deals available for conferences andmeetings along with discounts for our hotel rooms. KEY FEATURES The meeting room has 200 [&hellip;]<\/p>","protected":false},"author":1,"featured_media":0,"parent":0,"menu_order":0,"comment_status":"closed","ping_status":"closed","template":"","meta":{"footnotes":""},"class_list":["post-400","page","type-page","status-publish","hentry"],"yoast_head":"<!-- This site is optimized with the Yoast SEO plugin v23.9 - https:\/\/yoast.com\/wordpress\/plugins\/seo\/ -->\n<title>Meeting - Calido Maris Hotel<\/title>\n<meta name=\"robots\" content=\"index, follow, max-snippet:-1, max-image-preview:large, max-video-preview:-1\" \/>\n<link rel=\"canonical\" href=\"https:\/\/calidomaris.com\/tr\/meeting\/\" \/>\n<meta property=\"og:locale\" content=\"tr_TR\" \/>\n<meta property=\"og:type\" content=\"article\" \/>\n<meta property=\"og:title\" content=\"Meeting - Calido Maris Hotel\" \/>\n<meta property=\"og:description\" content=\"Meeting MEETING FACILITIES at Calido Maris Hotel Our private and fully equipped meeting facilities and meeting room offer high class stylish business environments which cater to all your business needs. \u00a0 Privilege We also have great deals available for conferences andmeetings along with discounts for our hotel rooms. KEY FEATURES The meeting room has 200 [&hellip;]\" \/>\n<meta property=\"og:url\" content=\"https:\/\/calidomaris.com\/tr\/meeting\/\" \/>\n<meta property=\"og:site_name\" content=\"Calido Maris Hotel\" \/>\n<meta property=\"article:publisher\" content=\"https:\/\/www.facebook.com\/calidomarishotel\/\" \/>\n<meta property=\"article:modified_time\" content=\"2024-11-30T11:30:14+00:00\" \/>\n<meta property=\"og:image\" content=\"https:\/\/calidomaris.com\/wp-content\/uploads\/2023\/04\/4-meeting.jpg\" \/>\n\t<meta property=\"og:image:width\" content=\"950\" \/>\n\t<meta property=\"og:image:height\" content=\"636\" \/>\n\t<meta property=\"og:image:type\" content=\"image\/jpeg\" \/>\n<meta name=\"twitter:card\" content=\"summary_large_image\" \/>\n<meta name=\"twitter:label1\" content=\"Tahmini okuma s\u00fcresi\" \/>\n\t<meta name=\"twitter:data1\" content=\"1 dakika\" \/>\n<script type=\"application\/ld+json\" class=\"yoast-schema-graph\">{\"@context\":\"https:\/\/schema.org\",\"@graph\":[{\"@type\":\"WebPage\",\"@id\":\"https:\/\/calidomaris.com\/meeting\/\",\"url\":\"https:\/\/calidomaris.com\/meeting\/\",\"name\":\"Meeting - Calido Maris Hotel\",\"isPartOf\":{\"@id\":\"https:\/\/calidomaris.com\/#website\"},\"primaryImageOfPage\":{\"@id\":\"https:\/\/calidomaris.com\/meeting\/#primaryimage\"},\"image\":{\"@id\":\"https:\/\/calidomaris.com\/meeting\/#primaryimage\"},\"thumbnailUrl\":\"https:\/\/calidomaris.com\/wp-content\/uploads\/2023\/04\/4-meeting.jpg\",\"datePublished\":\"2023-04-14T20:39:08+00:00\",\"dateModified\":\"2024-11-30T11:30:14+00:00\",\"breadcrumb\":{\"@id\":\"https:\/\/calidomaris.com\/meeting\/#breadcrumb\"},\"inLanguage\":\"tr\",\"potentialAction\":[{\"@type\":\"ReadAction\",\"target\":[\"https:\/\/calidomaris.com\/meeting\/\"]}]},{\"@type\":\"ImageObject\",\"inLanguage\":\"tr\",\"@id\":\"https:\/\/calidomaris.com\/meeting\/#primaryimage\",\"url\":\"https:\/\/calidomaris.com\/wp-content\/uploads\/2023\/04\/4-meeting.jpg\",\"contentUrl\":\"https:\/\/calidomaris.com\/wp-content\/uploads\/2023\/04\/4-meeting.jpg\"},{\"@type\":\"BreadcrumbList\",\"@id\":\"https:\/\/calidomaris.com\/meeting\/#breadcrumb\",\"itemListElement\":[{\"@type\":\"ListItem\",\"position\":1,\"name\":\"Home\",\"item\":\"https:\/\/calidomaris.com\/\"},{\"@type\":\"ListItem\",\"position\":2,\"name\":\"Meeting\"}]},{\"@type\":\"WebSite\",\"@id\":\"https:\/\/calidomaris.com\/#website\",\"url\":\"https:\/\/calidomaris.com\/\",\"name\":\"Calido Maris Hotel\",\"description\":\"A True holiday paradise\",\"publisher\":{\"@id\":\"https:\/\/calidomaris.com\/#organization\"},\"potentialAction\":[{\"@type\":\"SearchAction\",\"target\":{\"@type\":\"EntryPoint\",\"urlTemplate\":\"https:\/\/calidomaris.com\/?s={search_term_string}\"},\"query-input\":{\"@type\":\"PropertyValueSpecification\",\"valueRequired\":true,\"valueName\":\"search_term_string\"}}],\"inLanguage\":\"tr\"},{\"@type\":\"Organization\",\"@id\":\"https:\/\/calidomaris.com\/#organization\",\"name\":\"Calido Maris Hotel\",\"url\":\"https:\/\/calidomaris.com\/\",\"logo\":{\"@type\":\"ImageObject\",\"inLanguage\":\"tr\",\"@id\":\"https:\/\/calidomaris.com\/#\/schema\/logo\/image\/\",\"url\":\"https:\/\/calidomaris.com\/wp-content\/uploads\/2023\/04\/logo.png\",\"contentUrl\":\"https:\/\/calidomaris.com\/wp-content\/uploads\/2023\/04\/logo.png\",\"width\":437,\"height\":145,\"caption\":\"Calido Maris Hotel\"},\"image\":{\"@id\":\"https:\/\/calidomaris.com\/#\/schema\/logo\/image\/\"},\"sameAs\":[\"https:\/\/www.facebook.com\/calidomarishotel\/\",\"https:\/\/www.instagram.com\/calidomaris.official\/\"]}]}<\/script>\n<!-- \/ Yoast SEO plugin. -->","yoast_head_json":{"title":"Meeting - Calido Maris Hotel","robots":{"index":"index","follow":"follow","max-snippet":"max-snippet:-1","max-image-preview":"max-image-preview:large","max-video-preview":"max-video-preview:-1"},"canonical":"https:\/\/calidomaris.com\/tr\/meeting\/","og_locale":"tr_TR","og_type":"article","og_title":"Meeting - Calido Maris Hotel","og_description":"Meeting MEETING FACILITIES at Calido Maris Hotel Our private and fully equipped meeting facilities and meeting room offer high class stylish business environments which cater to all your business needs. \u00a0 Privilege We also have great deals available for conferences andmeetings along with discounts for our hotel rooms. KEY FEATURES The meeting room has 200 [&hellip;]","og_url":"https:\/\/calidomaris.com\/tr\/meeting\/","og_site_name":"Calido Maris Hotel","article_publisher":"https:\/\/www.facebook.com\/calidomarishotel\/","article_modified_time":"2024-11-30T11:30:14+00:00","og_image":[{"width":950,"height":636,"url":"https:\/\/calidomaris.com\/wp-content\/uploads\/2023\/04\/4-meeting.jpg","type":"image\/jpeg"}],"twitter_card":"summary_large_image","twitter_misc":{"Tahmini okuma s\u00fcresi":"1 dakika"},"schema":{"@context":"https:\/\/schema.org","@graph":[{"@type":"WebPage","@id":"https:\/\/calidomaris.com\/meeting\/","url":"https:\/\/calidomaris.com\/meeting\/","name":"Meeting - Calido Maris Hotel","isPartOf":{"@id":"https:\/\/calidomaris.com\/#website"},"primaryImageOfPage":{"@id":"https:\/\/calidomaris.com\/meeting\/#primaryimage"},"image":{"@id":"https:\/\/calidomaris.com\/meeting\/#primaryimage"},"thumbnailUrl":"https:\/\/calidomaris.com\/wp-content\/uploads\/2023\/04\/4-meeting.jpg","datePublished":"2023-04-14T20:39:08+00:00","dateModified":"2024-11-30T11:30:14+00:00","breadcrumb":{"@id":"https:\/\/calidomaris.com\/meeting\/#breadcrumb"},"inLanguage":"tr","potentialAction":[{"@type":"ReadAction","target":["https:\/\/calidomaris.com\/meeting\/"]}]},{"@type":"ImageObject","inLanguage":"tr","@id":"https:\/\/calidomaris.com\/meeting\/#primaryimage","url":"https:\/\/calidomaris.com\/wp-content\/uploads\/2023\/04\/4-meeting.jpg","contentUrl":"https:\/\/calidomaris.com\/wp-content\/uploads\/2023\/04\/4-meeting.jpg"},{"@type":"BreadcrumbList","@id":"https:\/\/calidomaris.com\/meeting\/#breadcrumb","itemListElement":[{"@type":"ListItem","position":1,"name":"Home","item":"https:\/\/calidomaris.com\/"},{"@type":"ListItem","position":2,"name":"Meeting"}]},{"@type":"WebSite","@id":"https:\/\/calidomaris.com\/#website","url":"https:\/\/calidomaris.com\/","name":"Calido Maris Hotel","description":"A True holiday paradise","publisher":{"@id":"https:\/\/calidomaris.com\/#organization"},"potentialAction":[{"@type":"SearchAction","target":{"@type":"EntryPoint","urlTemplate":"https:\/\/calidomaris.com\/?s={search_term_string}"},"query-input":{"@type":"PropertyValueSpecification","valueRequired":true,"valueName":"search_term_string"}}],"inLanguage":"tr"},{"@type":"Organization","@id":"https:\/\/calidomaris.com\/#organization","name":"Calido Maris Hotel","url":"https:\/\/calidomaris.com\/","logo":{"@type":"ImageObject","inLanguage":"tr","@id":"https:\/\/calidomaris.com\/#\/schema\/logo\/image\/","url":"https:\/\/calidomaris.com\/wp-content\/uploads\/2023\/04\/logo.png","contentUrl":"https:\/\/calidomaris.com\/wp-content\/uploads\/2023\/04\/logo.png","width":437,"height":145,"caption":"Calido Maris Hotel"},"image":{"@id":"https:\/\/calidomaris.com\/#\/schema\/logo\/image\/"},"sameAs":["https:\/\/www.facebook.com\/calidomarishotel\/","https:\/\/www.instagram.com\/calidomaris.official\/"]}]}},"_links":{"self":[{"href":"https:\/\/calidomaris.com\/tr\/wp-json\/wp\/v2\/pages\/400","targetHints":{"allow":["GET"]}}],"collection":[{"href":"https:\/\/calidomaris.com\/tr\/wp-json\/wp\/v2\/pages"}],"about":[{"href":"https:\/\/calidomaris.com\/tr\/wp-json\/wp\/v2\/types\/page"}],"author":[{"embeddable":true,"href":"https:\/\/calidomaris.com\/tr\/wp-json\/wp\/v2\/users\/1"}],"replies":[{"embeddable":true,"href":"https:\/\/calidomaris.com\/tr\/wp-json\/wp\/v2\/comments?post=400"}],"version-history":[{"count":22,"href":"https:\/\/calidomaris.com\/tr\/wp-json\/wp\/v2\/pages\/400\/revisions"}],"predecessor-version":[{"id":1542,"href":"https:\/\/calidomaris.com\/tr\/wp-json\/wp\/v2\/pages\/400\/revisions\/1542"}],"wp:attachment":[{"href":"https:\/\/calidomaris.com\/tr\/wp-json\/wp\/v2\/media?parent=400"}],"curies":[{"name":"wp","href":"https:\/\/api.w.org\/{rel}","templated":true}]}}